{"id":2349,"date":"2020-10-11T08:05:41","date_gmt":"2020-10-11T08:05:41","guid":{"rendered":"https:\/\/marzuchowska.com\/?page_id=2349"},"modified":"2021-01-09T23:39:18","modified_gmt":"2021-01-09T23:39:18","slug":"manhattan-wroclaw","status":"publish","type":"page","link":"https:\/\/marzuchowska.com\/?page_id=2349","title":{"rendered":"MANHATTAN, WROC\u0141AW"},"content":{"rendered":"\t\t<div data-elementor-type=\"wp-page\" data-elementor-id=\"2349\" class=\"elementor elementor-2349\">\n\t\t\t\t\t\t<div class=\"elementor-inner\">\n\t\t\t\t<div class=\"elementor-section-wrap\">\n\t\t\t\t\t\t\t\t\t<section class=\"elementor-section elementor-top-section elementor-element elementor-element-4047b868 elementor-section-full_width elementor-section-height-default elementor-section-height-default\" data-id=\"4047b868\" data-element_type=\"section\">\n\t\t\t\t\t\t<div class=\"elementor-container elementor-column-gap-no\">\n\t\t\t\t\t\t\t<div class=\"elementor-row\">\n\t\t\t\t\t<div class=\"elementor-column elementor-col-100 elementor-top-column elementor-element elementor-element-9c40415\" data-id=\"9c40415\" data-element_type=\"column\">\n\t\t\t<div class=\"elementor-column-wrap elementor-element-populated\">\n\t\t\t\t\t\t\t<div class=\"elementor-widget-wrap\">\n\t\t\t\t\t\t<div class=\"elementor-element elementor-element-328b09c elementor-widget elementor-widget-image\" data-id=\"328b09c\" data-element_type=\"widget\" data-widget_type=\"image.default\">\n\t\t\t\t<div class=\"elementor-widget-container\">\n\t\t\t\t\t\t\t\t<div class=\"elementor-image\">\n\t\t\t\t\t\t\t\t\t\t\t\t<img width=\"1024\" height=\"681\" src=\"https:\/\/marzuchowska.com\/wp-content\/uploads\/2020\/11\/DSC0015-1024x681.jpg\" class=\"attachment-large size-large wp-image-2775\" alt=\"\" loading=\"lazy\" srcset=\"https:\/\/marzuchowska.com\/wp-content\/uploads\/2020\/11\/DSC0015-1024x681.jpg 1024w, https:\/\/marzuchowska.com\/wp-content\/uploads\/2020\/11\/DSC0015-300x200.jpg 300w, https:\/\/marzuchowska.com\/wp-content\/uploads\/2020\/11\/DSC0015-768x511.jpg 768w, https:\/\/marzuchowska.com\/wp-content\/uploads\/2020\/11\/DSC0015-500x333.jpg 500w, https:\/\/marzuchowska.com\/wp-content\/uploads\/2020\/11\/DSC0015-800x532.jpg 800w, https:\/\/marzuchowska.com\/wp-content\/uploads\/2020\/11\/DSC0015-1280x851.jpg 1280w, https:\/\/marzuchowska.com\/wp-content\/uploads\/2020\/11\/DSC0015-1920x1277.jpg 1920w, https:\/\/marzuchowska.com\/wp-content\/uploads\/2020\/11\/DSC0015-1536x1022.jpg 1536w, https:\/\/marzuchowska.com\/wp-content\/uploads\/2020\/11\/DSC0015-2048x1362.jpg 2048w\" sizes=\"(max-width: 1024px) 100vw, 1024px\" \/>\t\t\t\t\t\t\t\t\t\t\t\t\t\t<\/div>\n\t\t\t\t\t\t<\/div>\n\t\t\t\t<\/div>\n\t\t\t\t\t\t<\/div>\n\t\t\t\t\t<\/div>\n\t\t<\/div>\n\t\t\t\t\t\t\t\t<\/div>\n\t\t\t\t\t<\/div>\n\t\t<\/section>\n\t\t\t\t<section class=\"elementor-section elementor-top-section elementor-element elementor-element-16a38b2d elementor-section-boxed elementor-section-height-default elementor-section-height-default\" data-id=\"16a38b2d\" data-element_type=\"section\">\n\t\t\t\t\t\t<div class=\"elementor-container elementor-column-gap-no\">\n\t\t\t\t\t\t\t<div class=\"elementor-row\">\n\t\t\t\t\t<div class=\"elementor-column elementor-col-100 elementor-top-column elementor-element elementor-element-1a03a51a\" data-id=\"1a03a51a\" data-element_type=\"column\">\n\t\t\t<div class=\"elementor-column-wrap elementor-element-populated\">\n\t\t\t\t\t\t\t<div class=\"elementor-widget-wrap\">\n\t\t\t\t\t\t<div class=\"elementor-element elementor-element-7815ac26 elementor-widget elementor-widget-text-editor\" data-id=\"7815ac26\" data-element_type=\"widget\" data-widget_type=\"text-editor.default\">\n\t\t\t\t<div class=\"elementor-widget-container\">\n\t\t\t\t\t\t\t\t<div class=\"elementor-text-editor elementor-clearfix\">\n\t\t\t\t<h4><b>MO\u017bLIWO\u015a\u0106 ZASTOSOWANIA ALTERNATYWNYCH FORM ZIELENI W PROGRAMACH REWITALIZACJI OSIEDLI MIEJSKICH NA PRZYK\u0141ADZIE ZESPO\u0141U BUDYNK\u00d3W MIESZKALNO-US\u0141UGOWYCH PRZY PL. GRUNWALDZKIM WE WROC\u0141AWIU &#8211; PRACA MAGISTERSKA\u00a0<\/b><\/h4>\t\t\t\t\t<\/div>\n\t\t\t\t\t\t<\/div>\n\t\t\t\t<\/div>\n\t\t\t\t\t\t<\/div>\n\t\t\t\t\t<\/div>\n\t\t<\/div>\n\t\t\t\t\t\t\t\t<\/div>\n\t\t\t\t\t<\/div>\n\t\t<\/section>\n\t\t\t\t<section class=\"elementor-section elementor-top-section elementor-element elementor-element-281029ab elementor-section-boxed elementor-section-height-default elementor-section-height-default\" data-id=\"281029ab\" data-element_type=\"section\">\n\t\t\t\t\t\t<div class=\"elementor-container elementor-column-gap-no\">\n\t\t\t\t\t\t\t<div class=\"elementor-row\">\n\t\t\t\t\t<div class=\"elementor-column elementor-col-33 elementor-top-column elementor-element elementor-element-65cf9d1a\" data-id=\"65cf9d1a\" data-element_type=\"column\">\n\t\t\t<div class=\"elementor-column-wrap elementor-element-populated\">\n\t\t\t\t\t\t\t<div class=\"elementor-widget-wrap\">\n\t\t\t\t\t\t<div class=\"elementor-element elementor-element-6b2fca04 elementor-widget elementor-widget-text-editor\" data-id=\"6b2fca04\" data-element_type=\"widget\" data-widget_type=\"text-editor.default\">\n\t\t\t\t<div class=\"elementor-widget-container\">\n\t\t\t\t\t\t\t\t<div class=\"elementor-text-editor elementor-clearfix\">\n\t\t\t\t<p><strong>Lokalizacja:<\/strong> Pl. Grunwaldzki, Wroc\u0142aw<br><strong>Autorzy:<\/strong> Monika Marzuchowska<br><strong>Rok: <\/strong>2016<br>Praca powsta\u0142a pod opiek\u0105 dr hab. in\u017c. Beaty Gawryszewskiej.<\/p>\t\t\t\t\t<\/div>\n\t\t\t\t\t\t<\/div>\n\t\t\t\t<\/div>\n\t\t\t\t<div class=\"elementor-element elementor-element-f37fd12 elementor-widget-divider--view-line elementor-widget elementor-widget-divider\" data-id=\"f37fd12\" data-element_type=\"widget\" data-widget_type=\"divider.default\">\n\t\t\t\t<div class=\"elementor-widget-container\">\n\t\t\t\t\t<div class=\"elementor-divider\">\n\t\t\t<span class=\"elementor-divider-separator\">\n\t\t\t\t\t\t<\/span>\n\t\t<\/div>\n\t\t\t\t<\/div>\n\t\t\t\t<\/div>\n\t\t\t\t<div class=\"elementor-element elementor-element-afa030e elementor-widget elementor-widget-text-editor\" data-id=\"afa030e\" data-element_type=\"widget\" data-widget_type=\"text-editor.default\">\n\t\t\t\t<div class=\"elementor-widget-container\">\n\t\t\t\t\t\t\t\t<div class=\"elementor-text-editor elementor-clearfix\">\n\t\t\t\t<p>Cel pracy: sformu\u0142owanie wytycznych dotycz\u0105cych rewitalizacji osiedli mieszkaniowych powsta\u0142ych w II po\u0142. XX wieku oraz opracowanie koncepcji projektowej z wykorzystanie alternatywnych form zieleni.\u00a0<span style=\"font-size: 16px; font-style: normal; font-weight: 300;\">Obszar opracowania: zesp\u00f3\u0142 budynk\u00f3w mieszkalno-us\u0142ugowych przy pl. Grunwaldzim we Wroc\u0142awiu. W<\/span><span style=\"font-size: 16px; font-style: normal; font-weight: 300;\">\u00a0procesie rewitalizacji zespo\u0142u budynk\u00f3w przy pl. Grunwaldzkim konieczny jest udzia\u0142 lokalnej spo\u0142eczno\u015bci.<\/span><\/p><p>Ca\u0142y proces obejmuje dwa podej\u015bcia, kt\u00f3re wsp\u00f3lnie realizowane mog\u0105 da\u0107 po\u017c\u0105dane efekty:<b> 1. Wprowadzenie programu partycypacyjnego<\/b>, kt\u00f3ry ma na celu podniesienie \u015bwiadomo\u015bci mieszka\u0144c\u00f3w na temat historii i znaczenia budynk\u00f3w, zach\u0119cenie do zazieleniania w\u0142asnych balkon\u00f3w kompozycjami ro\u015blin, kt\u00f3re razem tworzy\u0142yby zielon\u0105 elewacj\u0119 oraz udzia\u0142 mieszka\u0144c\u00f3w w tworzeniu ogrodu s\u0105siedzkiego na dachu budynku mieszkalnego. <b>2. Koncepcja projektowa zielonego dachu ekstensywnego <\/b>na dachu obiekt\u00f3w, na kt\u00f3rym docelowo maj\u0105 powsta\u0107 ogrody s\u0105siedzkie. Przestrze\u0144 b\u0119dzie s\u0142u\u017cy\u0142a integracji lokalnej spo\u0142eczno\u015bci oraz wypoczynkowi.\u00a0<\/p><p>\u00a0<\/p><p><span style=\"font-size: 16px; font-style: normal; font-weight: 300;\">\u00a0<\/span><\/p><p><span style=\"font-size: 16px; font-style: normal; font-weight: 300;\">\u00a0<\/span><\/p>\t\t\t\t\t<\/div>\n\t\t\t\t\t\t<\/div>\n\t\t\t\t<\/div>\n\t\t\t\t\t\t<\/div>\n\t\t\t\t\t<\/div>\n\t\t<\/div>\n\t\t\t\t<div class=\"elementor-column elementor-col-33 elementor-top-column elementor-element elementor-element-e566b04\" data-id=\"e566b04\" data-element_type=\"column\">\n\t\t\t<div class=\"elementor-column-wrap\">\n\t\t\t\t\t\t\t<div class=\"elementor-widget-wrap\">\n\t\t\t\t\t\t\t\t<\/div>\n\t\t\t\t\t<\/div>\n\t\t<\/div>\n\t\t\t\t<div class=\"elementor-column elementor-col-33 elementor-top-column elementor-element elementor-element-2e7785eb\" data-id=\"2e7785eb\" data-element_type=\"column\">\n\t\t\t<div class=\"elementor-column-wrap elementor-element-populated\">\n\t\t\t\t\t\t\t<div class=\"elementor-widget-wrap\">\n\t\t\t\t\t\t<div class=\"elementor-element elementor-element-bf5a4f4 elementor-widget elementor-widget-image\" data-id=\"bf5a4f4\" data-element_type=\"widget\" data-widget_type=\"image.default\">\n\t\t\t\t<div class=\"elementor-widget-container\">\n\t\t\t\t\t\t\t\t<div class=\"elementor-image\">\n\t\t\t\t\t\t\t\t\t\t\t\t<img width=\"768\" height=\"922\" src=\"https:\/\/marzuchowska.com\/wp-content\/uploads\/2020\/11\/schemat_bloku-768x922.png\" class=\"attachment-medium_large size-medium_large wp-image-2805\" alt=\"\" loading=\"lazy\" srcset=\"https:\/\/marzuchowska.com\/wp-content\/uploads\/2020\/11\/schemat_bloku-768x922.png 768w, https:\/\/marzuchowska.com\/wp-content\/uploads\/2020\/11\/schemat_bloku-250x300.png 250w, https:\/\/marzuchowska.com\/wp-content\/uploads\/2020\/11\/schemat_bloku-853x1024.png 853w, https:\/\/marzuchowska.com\/wp-content\/uploads\/2020\/11\/schemat_bloku-500x600.png 500w, https:\/\/marzuchowska.com\/wp-content\/uploads\/2020\/11\/schemat_bloku-e1606771714210.png 800w, https:\/\/marzuchowska.com\/wp-content\/uploads\/2020\/11\/schemat_bloku-1280x1536.png 1280w, https:\/\/marzuchowska.com\/wp-content\/uploads\/2020\/11\/schemat_bloku-1920x2304.png 1920w, https:\/\/marzuchowska.com\/wp-content\/uploads\/2020\/11\/schemat_bloku-1706x2048.png 1706w\" sizes=\"(max-width: 768px) 100vw, 768px\" \/>\t\t\t\t\t\t\t\t\t\t\t\t\t\t<\/div>\n\t\t\t\t\t\t<\/div>\n\t\t\t\t<\/div>\n\t\t\t\t\t\t<\/div>\n\t\t\t\t\t<\/div>\n\t\t<\/div>\n\t\t\t\t\t\t\t\t<\/div>\n\t\t\t\t\t<\/div>\n\t\t<\/section>\n\t\t\t\t<section class=\"elementor-section elementor-top-section elementor-element elementor-element-6493fb45 elementor-section-boxed elementor-section-height-default elementor-section-height-default\" data-id=\"6493fb45\" data-element_type=\"section\">\n\t\t\t\t\t\t<div class=\"elementor-container elementor-column-gap-default\">\n\t\t\t\t\t\t\t<div class=\"elementor-row\">\n\t\t\t\t\t<div class=\"elementor-column elementor-col-100 elementor-top-column elementor-element elementor-element-20c925f2\" data-id=\"20c925f2\" data-element_type=\"column\">\n\t\t\t<div class=\"elementor-column-wrap elementor-element-populated\">\n\t\t\t\t\t\t\t<div class=\"elementor-widget-wrap\">\n\t\t\t\t\t\t<div class=\"elementor-element elementor-element-783487c elementor-widget elementor-widget-text-editor\" data-id=\"783487c\" data-element_type=\"widget\" data-widget_type=\"text-editor.default\">\n\t\t\t\t<div class=\"elementor-widget-container\">\n\t\t\t\t\t\t\t\t<div class=\"elementor-text-editor elementor-clearfix\">\n\t\t\t\t<p>KONCEPCJA DACHU EKSTENSYWNEGO<\/p>\t\t\t\t\t<\/div>\n\t\t\t\t\t\t<\/div>\n\t\t\t\t<\/div>\n\t\t\t\t<div class=\"elementor-element elementor-element-2fc8cd1f elementor-widget elementor-widget-image\" data-id=\"2fc8cd1f\" data-element_type=\"widget\" data-widget_type=\"image.default\">\n\t\t\t\t<div class=\"elementor-widget-container\">\n\t\t\t\t\t\t\t\t<div class=\"elementor-image\">\n\t\t\t\t\t\t\t\t\t\t\t\t<img width=\"1512\" height=\"983\" src=\"https:\/\/marzuchowska.com\/wp-content\/uploads\/2020\/10\/graf2-2.jpg\" class=\"attachment-full size-full wp-image-2352\" alt=\"\" loading=\"lazy\" srcset=\"https:\/\/marzuchowska.com\/wp-content\/uploads\/2020\/10\/graf2-2.jpg 1512w, https:\/\/marzuchowska.com\/wp-content\/uploads\/2020\/10\/graf2-2-300x195.jpg 300w, https:\/\/marzuchowska.com\/wp-content\/uploads\/2020\/10\/graf2-2-1024x666.jpg 1024w, https:\/\/marzuchowska.com\/wp-content\/uploads\/2020\/10\/graf2-2-768x499.jpg 768w, https:\/\/marzuchowska.com\/wp-content\/uploads\/2020\/10\/graf2-2-500x325.jpg 500w, https:\/\/marzuchowska.com\/wp-content\/uploads\/2020\/10\/graf2-2-800x520.jpg 800w, https:\/\/marzuchowska.com\/wp-content\/uploads\/2020\/10\/graf2-2-1280x832.jpg 1280w\" sizes=\"(max-width: 1512px) 100vw, 1512px\" \/>\t\t\t\t\t\t\t\t\t\t\t\t\t\t<\/div>\n\t\t\t\t\t\t<\/div>\n\t\t\t\t<\/div>\n\t\t\t\t\t\t<\/div>\n\t\t\t\t\t<\/div>\n\t\t<\/div>\n\t\t\t\t\t\t\t\t<\/div>\n\t\t\t\t\t<\/div>\n\t\t<\/section>\n\t\t\t\t<section class=\"elementor-section elementor-top-section elementor-element elementor-element-de6d7b7 elementor-section-boxed elementor-section-height-default elementor-section-height-default\" data-id=\"de6d7b7\" data-element_type=\"section\">\n\t\t\t\t\t\t<div class=\"elementor-container elementor-column-gap-default\">\n\t\t\t\t\t\t\t<div class=\"elementor-row\">\n\t\t\t\t\t<div class=\"elementor-column elementor-col-100 elementor-top-column elementor-element elementor-element-9f1ff2f\" data-id=\"9f1ff2f\" data-element_type=\"column\">\n\t\t\t<div class=\"elementor-column-wrap elementor-element-populated\">\n\t\t\t\t\t\t\t<div class=\"elementor-widget-wrap\">\n\t\t\t\t\t\t<div class=\"elementor-element elementor-element-222ae4d elementor-widget elementor-widget-text-editor\" data-id=\"222ae4d\" data-element_type=\"widget\" data-widget_type=\"text-editor.default\">\n\t\t\t\t<div class=\"elementor-widget-container\">\n\t\t\t\t\t\t\t\t<div class=\"elementor-text-editor elementor-clearfix\">\n\t\t\t\t<p>ELEMENTY MA\u0141EJ ARCHITEKTURY<\/p>\t\t\t\t\t<\/div>\n\t\t\t\t\t\t<\/div>\n\t\t\t\t<\/div>\n\t\t\t\t\t\t<\/div>\n\t\t\t\t\t<\/div>\n\t\t<\/div>\n\t\t\t\t\t\t\t\t<\/div>\n\t\t\t\t\t<\/div>\n\t\t<\/section>\n\t\t\t\t<section class=\"elementor-section elementor-top-section elementor-element elementor-element-18cd37de elementor-reverse-mobile elementor-section-boxed elementor-section-height-default elementor-section-height-default\" data-id=\"18cd37de\" data-element_type=\"section\">\n\t\t\t\t\t\t<div class=\"elementor-container elementor-column-gap-no\">\n\t\t\t\t\t\t\t<div class=\"elementor-row\">\n\t\t\t\t\t<div class=\"elementor-column elementor-col-33 elementor-top-column elementor-element elementor-element-2f4f207f\" data-id=\"2f4f207f\" data-element_type=\"column\" data-settings=\"{&quot;background_background&quot;:&quot;classic&quot;}\">\n\t\t\t<div class=\"elementor-column-wrap elementor-element-populated\">\n\t\t\t\t\t\t\t<div class=\"elementor-widget-wrap\">\n\t\t\t\t\t\t<div class=\"elementor-element elementor-element-6935d1a elementor-widget elementor-widget-text-editor\" data-id=\"6935d1a\" data-element_type=\"widget\" data-widget_type=\"text-editor.default\">\n\t\t\t\t<div class=\"elementor-widget-container\">\n\t\t\t\t\t\t\t\t<div class=\"elementor-text-editor elementor-clearfix\">\n\t\t\t\t<p><b>Drewnian\u0105 konstrukcj\u0119<\/b> na dachu zaprojektowano z my\u015bl\u0105 o zr\u00f3\u017cnicowanym wieku odbiorc\u00f3w. Mo\u017ce by\u0107 miejscem odpoczynku, integracji s\u0105siad\u00f3w, a tak\u017ce dzi\u0119ki zawieszonym hu\u015btawkom stanowi\u0107 element zabawowy, zar\u00f3wno dla najm\u0142odszych, jak i dla tych starszych u\u017cytkownik\u00f3w. Zastosowanie pn\u0105czy dodaje dekoracyjnon\u015bci ca\u0142ej konstrukcji i sprawia, \u017ce jest miejscem zapewniaj\u0105cym zielony azyl.&nbsp;&nbsp;<\/p>\n<p><br><\/p>\t\t\t\t\t<\/div>\n\t\t\t\t\t\t<\/div>\n\t\t\t\t<\/div>\n\t\t\t\t<div class=\"elementor-element elementor-element-437bd87b elementor-widget elementor-widget-image\" data-id=\"437bd87b\" data-element_type=\"widget\" data-widget_type=\"image.default\">\n\t\t\t\t<div class=\"elementor-widget-container\">\n\t\t\t\t\t\t\t\t<div class=\"elementor-image\">\n\t\t\t\t\t\t\t\t\t\t\t\t<img width=\"681\" height=\"391\" src=\"https:\/\/marzuchowska.com\/wp-content\/uploads\/2020\/10\/graf3-2.jpg\" class=\"attachment-full size-full wp-image-2353\" alt=\"\" loading=\"lazy\" srcset=\"https:\/\/marzuchowska.com\/wp-content\/uploads\/2020\/10\/graf3-2.jpg 681w, https:\/\/marzuchowska.com\/wp-content\/uploads\/2020\/10\/graf3-2-300x172.jpg 300w, https:\/\/marzuchowska.com\/wp-content\/uploads\/2020\/10\/graf3-2-500x287.jpg 500w\" sizes=\"(max-width: 681px) 100vw, 681px\" \/>\t\t\t\t\t\t\t\t\t\t\t\t\t\t<\/div>\n\t\t\t\t\t\t<\/div>\n\t\t\t\t<\/div>\n\t\t\t\t\t\t<\/div>\n\t\t\t\t\t<\/div>\n\t\t<\/div>\n\t\t\t\t<div class=\"elementor-column elementor-col-33 elementor-top-column elementor-element elementor-element-1a718664\" data-id=\"1a718664\" data-element_type=\"column\">\n\t\t\t<div class=\"elementor-column-wrap\">\n\t\t\t\t\t\t\t<div class=\"elementor-widget-wrap\">\n\t\t\t\t\t\t\t\t<\/div>\n\t\t\t\t\t<\/div>\n\t\t<\/div>\n\t\t\t\t<div class=\"elementor-column elementor-col-33 elementor-top-column elementor-element elementor-element-10121e66\" data-id=\"10121e66\" data-element_type=\"column\">\n\t\t\t<div class=\"elementor-column-wrap elementor-element-populated\">\n\t\t\t\t\t\t\t<div class=\"elementor-widget-wrap\">\n\t\t\t\t\t\t<div class=\"elementor-element elementor-element-6867532d elementor-widget elementor-widget-image\" data-id=\"6867532d\" data-element_type=\"widget\" data-widget_type=\"image.default\">\n\t\t\t\t<div class=\"elementor-widget-container\">\n\t\t\t\t\t\t\t\t<div class=\"elementor-image\">\n\t\t\t\t\t\t\t\t\t\t\t\t<img width=\"770\" height=\"940\" src=\"https:\/\/marzuchowska.com\/wp-content\/uploads\/2020\/10\/graf4-2.jpg\" class=\"attachment-full size-full wp-image-2354\" alt=\"\" loading=\"lazy\" srcset=\"https:\/\/marzuchowska.com\/wp-content\/uploads\/2020\/10\/graf4-2.jpg 770w, https:\/\/marzuchowska.com\/wp-content\/uploads\/2020\/10\/graf4-2-246x300.jpg 246w, https:\/\/marzuchowska.com\/wp-content\/uploads\/2020\/10\/graf4-2-768x938.jpg 768w, https:\/\/marzuchowska.com\/wp-content\/uploads\/2020\/10\/graf4-2-500x610.jpg 500w\" sizes=\"(max-width: 770px) 100vw, 770px\" \/>\t\t\t\t\t\t\t\t\t\t\t\t\t\t<\/div>\n\t\t\t\t\t\t<\/div>\n\t\t\t\t<\/div>\n\t\t\t\t\t\t<\/div>\n\t\t\t\t\t<\/div>\n\t\t<\/div>\n\t\t\t\t\t\t\t\t<\/div>\n\t\t\t\t\t<\/div>\n\t\t<\/section>\n\t\t\t\t<section class=\"elementor-section elementor-top-section elementor-element elementor-element-39efdb48 elementor-section-boxed elementor-section-height-default elementor-section-height-default\" data-id=\"39efdb48\" data-element_type=\"section\">\n\t\t\t\t\t\t<div class=\"elementor-container elementor-column-gap-no\">\n\t\t\t\t\t\t\t<div class=\"elementor-row\">\n\t\t\t\t\t<div class=\"elementor-column elementor-col-33 elementor-top-column elementor-element elementor-element-5f042a8d\" data-id=\"5f042a8d\" data-element_type=\"column\" data-settings=\"{&quot;background_background&quot;:&quot;classic&quot;}\">\n\t\t\t<div class=\"elementor-column-wrap elementor-element-populated\">\n\t\t\t\t\t\t\t<div class=\"elementor-widget-wrap\">\n\t\t\t\t\t\t<div class=\"elementor-element elementor-element-990f138 elementor-widget elementor-widget-text-editor\" data-id=\"990f138\" data-element_type=\"widget\" data-widget_type=\"text-editor.default\">\n\t\t\t\t<div class=\"elementor-widget-container\">\n\t\t\t\t\t\t\t\t<div class=\"elementor-text-editor elementor-clearfix\">\n\t\t\t\t<p><strong>\u0141awka<\/strong> zosta\u0142a zaprojektowana w taki spos\u00f3b, aby jak najlepiej wykorzysta\u0107 dost\u0119pn\u0105 przestrze\u0144 na dachu. Wykorzystane materia\u0142y czyli drewno oraz surowy beton maj\u0105 nawi\u0105zywa\u0107 do materia\u0142\u00f3w u\u017cytych w pierwotnym projekcie osiedla. Wkomponowane w konstrukcje \u0142awki ro\u015bliny o\u017cywiaj\u0105 przestrze\u0144 i \u0142agodz\u0105 jej geometryczne kszta\u0142ty.<\/p>\t\t\t\t\t<\/div>\n\t\t\t\t\t\t<\/div>\n\t\t\t\t<\/div>\n\t\t\t\t<div class=\"elementor-element elementor-element-371d32e elementor-widget elementor-widget-image\" data-id=\"371d32e\" data-element_type=\"widget\" data-widget_type=\"image.default\">\n\t\t\t\t<div class=\"elementor-widget-container\">\n\t\t\t\t\t\t\t\t<div class=\"elementor-image\">\n\t\t\t\t\t\t\t\t\t\t\t\t<img width=\"508\" height=\"209\" src=\"https:\/\/marzuchowska.com\/wp-content\/uploads\/2020\/10\/graf5-2.jpg\" class=\"attachment-full size-full wp-image-2358\" alt=\"\" loading=\"lazy\" srcset=\"https:\/\/marzuchowska.com\/wp-content\/uploads\/2020\/10\/graf5-2.jpg 508w, https:\/\/marzuchowska.com\/wp-content\/uploads\/2020\/10\/graf5-2-300x123.jpg 300w, https:\/\/marzuchowska.com\/wp-content\/uploads\/2020\/10\/graf5-2-500x206.jpg 500w\" sizes=\"(max-width: 508px) 100vw, 508px\" \/>\t\t\t\t\t\t\t\t\t\t\t\t\t\t<\/div>\n\t\t\t\t\t\t<\/div>\n\t\t\t\t<\/div>\n\t\t\t\t\t\t<\/div>\n\t\t\t\t\t<\/div>\n\t\t<\/div>\n\t\t\t\t<div class=\"elementor-column elementor-col-33 elementor-top-column elementor-element elementor-element-44e2b407\" data-id=\"44e2b407\" data-element_type=\"column\">\n\t\t\t<div class=\"elementor-column-wrap\">\n\t\t\t\t\t\t\t<div class=\"elementor-widget-wrap\">\n\t\t\t\t\t\t\t\t<\/div>\n\t\t\t\t\t<\/div>\n\t\t<\/div>\n\t\t\t\t<div class=\"elementor-column elementor-col-33 elementor-top-column elementor-element elementor-element-35e90c42\" data-id=\"35e90c42\" data-element_type=\"column\">\n\t\t\t<div class=\"elementor-column-wrap elementor-element-populated\">\n\t\t\t\t\t\t\t<div class=\"elementor-widget-wrap\">\n\t\t\t\t\t\t<div class=\"elementor-element elementor-element-7f89ad46 elementor-widget elementor-widget-image\" data-id=\"7f89ad46\" data-element_type=\"widget\" data-widget_type=\"image.default\">\n\t\t\t\t<div class=\"elementor-widget-container\">\n\t\t\t\t\t\t\t\t<div class=\"elementor-image\">\n\t\t\t\t\t\t\t\t\t\t\t\t<img width=\"920\" height=\"861\" src=\"https:\/\/marzuchowska.com\/wp-content\/uploads\/2020\/10\/graf6-1.jpg\" class=\"attachment-full size-full wp-image-2359\" alt=\"\" loading=\"lazy\" srcset=\"https:\/\/marzuchowska.com\/wp-content\/uploads\/2020\/10\/graf6-1.jpg 920w, https:\/\/marzuchowska.com\/wp-content\/uploads\/2020\/10\/graf6-1-300x281.jpg 300w, https:\/\/marzuchowska.com\/wp-content\/uploads\/2020\/10\/graf6-1-768x719.jpg 768w, https:\/\/marzuchowska.com\/wp-content\/uploads\/2020\/10\/graf6-1-500x468.jpg 500w, https:\/\/marzuchowska.com\/wp-content\/uploads\/2020\/10\/graf6-1-800x749.jpg 800w\" sizes=\"(max-width: 920px) 100vw, 920px\" \/>\t\t\t\t\t\t\t\t\t\t\t\t\t\t<\/div>\n\t\t\t\t\t\t<\/div>\n\t\t\t\t<\/div>\n\t\t\t\t\t\t<\/div>\n\t\t\t\t\t<\/div>\n\t\t<\/div>\n\t\t\t\t\t\t\t\t<\/div>\n\t\t\t\t\t<\/div>\n\t\t<\/section>\n\t\t\t\t\t\t\t\t\t<\/div>\n\t\t\t<\/div>\n\t\t\t\t\t<\/div>\n\t\t","protected":false},"excerpt":{"rendered":"<p>MO\u017bLIWO\u015a\u0106 ZASTOSOWANIA ALTERNATYWNYCH FORM ZIELENI W PROGRAMACH REWITALIZACJI OSIEDLI MIEJSKICH NA PRZYK\u0141ADZIE ZESPO\u0141U BUDYNK\u00d3W MIESZKALNO-US\u0141UGOWYCH PRZY PL. GRUNWALDZKIM WE WROC\u0141AWIU &#8211; PRACA MAGISTERSKA\u00a0 Lokalizacja: Pl. Grunwaldzki, Wroc\u0142awAutorzy: Monika MarzuchowskaRok: 2016Praca powsta\u0142a pod opiek\u0105 dr hab. in\u017c. Beaty Gawryszewskiej. Cel pracy: sformu\u0142owanie wytycznych dotycz\u0105cych rewitalizacji osiedli mieszkaniowych powsta\u0142ych w II po\u0142. XX wieku oraz opracowanie koncepcji &hellip;<\/p>\n<p class=\"read-more\"> <a class=\"\" href=\"https:\/\/marzuchowska.com\/?page_id=2349\"> <span class=\"screen-reader-text\">MANHATTAN, WROC\u0141AW<\/span> Read More &raquo;<\/a><\/p>\n","protected":false},"author":4,"featured_media":0,"parent":2159,"menu_order":0,"comment_status":"closed","ping_status":"closed","template":"","meta":{"_uag_custom_page_level_css":"","_vp_format_video_url":"","_vp_image_focal_point":[],"_links_to":"","_links_to_target":""},"uagb_featured_image_src":{"full":false,"thumbnail":false,"medium":false,"medium_large":false,"large":false,"1536x1536":false,"2048x2048":false,"vp_sm":false,"vp_md":false,"vp_lg":false,"vp_xl":false,"vp_sm_popup":false,"vp_md_popup":false,"vp_xl_popup":false},"uagb_author_info":{"display_name":"Natalia","author_link":"https:\/\/marzuchowska.com\/?author=4"},"uagb_comment_info":0,"uagb_excerpt":"MO\u017bLIWO\u015a\u0106 ZASTOSOWANIA ALTERNATYWNYCH FORM ZIELENI W PROGRAMACH REWITALIZACJI OSIEDLI MIEJSKICH NA PRZYK\u0141ADZIE ZESPO\u0141U BUDYNK\u00d3W MIESZKALNO-US\u0141UGOWYCH PRZY PL. GRUNWALDZKIM WE WROC\u0141AWIU &#8211; PRACA MAGISTERSKA\u00a0 Lokalizacja: Pl. Grunwaldzki, Wroc\u0142awAutorzy: Monika MarzuchowskaRok: 2016Praca powsta\u0142a pod opiek\u0105 dr hab. in\u017c. Beaty Gawryszewskiej. Cel pracy: sformu\u0142owanie wytycznych dotycz\u0105cych rewitalizacji osiedli mieszkaniowych powsta\u0142ych w II po\u0142. XX wieku oraz opracowanie koncepcji&hellip;","_links":{"self":[{"href":"https:\/\/marzuchowska.com\/index.php?rest_route=\/wp\/v2\/pages\/2349"}],"collection":[{"href":"https:\/\/marzuchowska.com\/index.php?rest_route=\/wp\/v2\/pages"}],"about":[{"href":"https:\/\/marzuchowska.com\/index.php?rest_route=\/wp\/v2\/types\/page"}],"author":[{"embeddable":true,"href":"https:\/\/marzuchowska.com\/index.php?rest_route=\/wp\/v2\/users\/4"}],"replies":[{"embeddable":true,"href":"https:\/\/marzuchowska.com\/index.php?rest_route=%2Fwp%2Fv2%2Fcomments&post=2349"}],"version-history":[{"count":72,"href":"https:\/\/marzuchowska.com\/index.php?rest_route=\/wp\/v2\/pages\/2349\/revisions"}],"predecessor-version":[{"id":3120,"href":"https:\/\/marzuchowska.com\/index.php?rest_route=\/wp\/v2\/pages\/2349\/revisions\/3120"}],"up":[{"embeddable":true,"href":"https:\/\/marzuchowska.com\/index.php?rest_route=\/wp\/v2\/pages\/2159"}],"wp:attachment":[{"href":"https:\/\/marzuchowska.com\/index.php?rest_route=%2Fwp%2Fv2%2Fmedia&parent=2349"}],"curies":[{"name":"wp","href":"https:\/\/api.w.org\/{rel}","templated":true}]}}