{"id":2412,"date":"2020-10-21T18:43:13","date_gmt":"2020-10-21T18:43:13","guid":{"rendered":"https:\/\/marzuchowska.com\/?page_id=2412"},"modified":"2021-01-12T07:48:40","modified_gmt":"2021-01-12T07:48:40","slug":"jarocin","status":"publish","type":"page","link":"https:\/\/marzuchowska.com\/?page_id=2412","title":{"rendered":"JAROCIN"},"content":{"rendered":"\t\t<div data-elementor-type=\"wp-page\" data-elementor-id=\"2412\" class=\"elementor elementor-2412\">\n\t\t\t\t\t\t<div class=\"elementor-inner\">\n\t\t\t\t<div class=\"elementor-section-wrap\">\n\t\t\t\t\t\t\t\t\t<section class=\"elementor-section elementor-top-section elementor-element elementor-element-4d361f08 elementor-section-full_width elementor-section-height-default elementor-section-height-default\" data-id=\"4d361f08\" data-element_type=\"section\">\n\t\t\t\t\t\t<div class=\"elementor-container elementor-column-gap-no\">\n\t\t\t\t\t\t\t<div class=\"elementor-row\">\n\t\t\t\t\t<div class=\"elementor-column elementor-col-100 elementor-top-column elementor-element elementor-element-35dc465b\" data-id=\"35dc465b\" data-element_type=\"column\">\n\t\t\t<div class=\"elementor-column-wrap elementor-element-populated\">\n\t\t\t\t\t\t\t<div class=\"elementor-widget-wrap\">\n\t\t\t\t\t\t<div class=\"elementor-element elementor-element-4e2d1f7d elementor-widget elementor-widget-image\" data-id=\"4e2d1f7d\" data-element_type=\"widget\" data-widget_type=\"image.default\">\n\t\t\t\t<div class=\"elementor-widget-container\">\n\t\t\t\t\t\t\t\t<div class=\"elementor-image\">\n\t\t\t\t\t\t\t\t\t\t\t\t<img width=\"1024\" height=\"562\" src=\"https:\/\/marzuchowska.com\/wp-content\/uploads\/2021\/01\/IMG_13001-1024x562.jpg\" class=\"attachment-large size-large wp-image-3247\" alt=\"\" loading=\"lazy\" srcset=\"https:\/\/marzuchowska.com\/wp-content\/uploads\/2021\/01\/IMG_13001-1024x562.jpg 1024w, https:\/\/marzuchowska.com\/wp-content\/uploads\/2021\/01\/IMG_13001-300x165.jpg 300w, https:\/\/marzuchowska.com\/wp-content\/uploads\/2021\/01\/IMG_13001-768x421.jpg 768w, https:\/\/marzuchowska.com\/wp-content\/uploads\/2021\/01\/IMG_13001-500x274.jpg 500w, https:\/\/marzuchowska.com\/wp-content\/uploads\/2021\/01\/IMG_13001-800x439.jpg 800w, https:\/\/marzuchowska.com\/wp-content\/uploads\/2021\/01\/IMG_13001-1280x702.jpg 1280w, https:\/\/marzuchowska.com\/wp-content\/uploads\/2021\/01\/IMG_13001-1920x1053.jpg 1920w, https:\/\/marzuchowska.com\/wp-content\/uploads\/2021\/01\/IMG_13001-1536x843.jpg 1536w, https:\/\/marzuchowska.com\/wp-content\/uploads\/2021\/01\/IMG_13001-2048x1123.jpg 2048w\" sizes=\"(max-width: 1024px) 100vw, 1024px\" \/>\t\t\t\t\t\t\t\t\t\t\t\t\t\t<\/div>\n\t\t\t\t\t\t<\/div>\n\t\t\t\t<\/div>\n\t\t\t\t\t\t<\/div>\n\t\t\t\t\t<\/div>\n\t\t<\/div>\n\t\t\t\t\t\t\t\t<\/div>\n\t\t\t\t\t<\/div>\n\t\t<\/section>\n\t\t\t\t<section class=\"elementor-section elementor-top-section elementor-element elementor-element-5f256c76 elementor-section-boxed elementor-section-height-default elementor-section-height-default\" data-id=\"5f256c76\" data-element_type=\"section\">\n\t\t\t\t\t\t<div class=\"elementor-container elementor-column-gap-no\">\n\t\t\t\t\t\t\t<div class=\"elementor-row\">\n\t\t\t\t\t<div class=\"elementor-column elementor-col-100 elementor-top-column elementor-element elementor-element-637268d4\" data-id=\"637268d4\" data-element_type=\"column\">\n\t\t\t<div class=\"elementor-column-wrap elementor-element-populated\">\n\t\t\t\t\t\t\t<div class=\"elementor-widget-wrap\">\n\t\t\t\t\t\t<div class=\"elementor-element elementor-element-2025ce06 elementor-widget elementor-widget-text-editor\" data-id=\"2025ce06\" data-element_type=\"widget\" data-widget_type=\"text-editor.default\">\n\t\t\t\t<div class=\"elementor-widget-container\">\n\t\t\t\t\t\t\t\t<div class=\"elementor-text-editor elementor-clearfix\">\n\t\t\t\t<h4><b>\u00a0PROGRAM PRAC PIEL\u0118GNACYJNCH dLA aLEI\u00a0 GRABOWEJ ZLOKALIZOWANEJ W ZABYTKOWYM PARKU RADOLI\u0143SKICH W JAROCINIE\u00a0<\/b><\/h4>\t\t\t\t\t<\/div>\n\t\t\t\t\t\t<\/div>\n\t\t\t\t<\/div>\n\t\t\t\t\t\t<\/div>\n\t\t\t\t\t<\/div>\n\t\t<\/div>\n\t\t\t\t\t\t\t\t<\/div>\n\t\t\t\t\t<\/div>\n\t\t<\/section>\n\t\t\t\t<section class=\"elementor-section elementor-top-section elementor-element elementor-element-3c5d3a52 elementor-section-boxed elementor-section-height-default elementor-section-height-default\" data-id=\"3c5d3a52\" data-element_type=\"section\">\n\t\t\t\t\t\t<div class=\"elementor-container elementor-column-gap-no\">\n\t\t\t\t\t\t\t<div class=\"elementor-row\">\n\t\t\t\t\t<div class=\"elementor-column elementor-col-33 elementor-top-column elementor-element elementor-element-263d6bee\" data-id=\"263d6bee\" data-element_type=\"column\">\n\t\t\t<div class=\"elementor-column-wrap elementor-element-populated\">\n\t\t\t\t\t\t\t<div class=\"elementor-widget-wrap\">\n\t\t\t\t\t\t<div class=\"elementor-element elementor-element-7be14055 elementor-widget elementor-widget-text-editor\" data-id=\"7be14055\" data-element_type=\"widget\" data-widget_type=\"text-editor.default\">\n\t\t\t\t<div class=\"elementor-widget-container\">\n\t\t\t\t\t\t\t\t<div class=\"elementor-text-editor elementor-clearfix\">\n\t\t\t\t<p><strong>Lokalizacja:<\/strong> Park Radoli\u0144skich, Jarocin<br \/><strong>Autorzy:<\/strong> Monika Marzuchowska, Maciej Motas (arborysta.com Pracownia Architektury Krajobrazu Maciej Motas)<br \/><strong>Rok: <\/strong>2017<br \/><br \/><\/p>\t\t\t\t\t<\/div>\n\t\t\t\t\t\t<\/div>\n\t\t\t\t<\/div>\n\t\t\t\t<div class=\"elementor-element elementor-element-ac72da8 elementor-widget-divider--view-line elementor-widget elementor-widget-divider\" data-id=\"ac72da8\" data-element_type=\"widget\" data-widget_type=\"divider.default\">\n\t\t\t\t<div class=\"elementor-widget-container\">\n\t\t\t\t\t<div class=\"elementor-divider\">\n\t\t\t<span class=\"elementor-divider-separator\">\n\t\t\t\t\t\t<\/span>\n\t\t<\/div>\n\t\t\t\t<\/div>\n\t\t\t\t<\/div>\n\t\t\t\t<div class=\"elementor-element elementor-element-3b92185f elementor-widget elementor-widget-text-editor\" data-id=\"3b92185f\" data-element_type=\"widget\" data-widget_type=\"text-editor.default\">\n\t\t\t\t<div class=\"elementor-widget-container\">\n\t\t\t\t\t\t\t\t<div class=\"elementor-text-editor elementor-clearfix\">\n\t\t\t\t<p>Opracowanie dotyczy tworzenia programu prac piel\u0119gnacyjnych dla alei grabowej zlokalizowanej w zabytkowym Parku Radoli\u0144skich w Jarocinie.\u00a0<span style=\"font-size: 16px;\">Celem opracowania jest wykonanie ekspertyzy opisuj\u0105cej zakres i spos\u00f3b prac piel\u0119gnacyjnych dla ww. alei grabowej, wraz ze wskazaniem nowych miejsc do nasadze\u0144 w obr\u0119bie alei oraz weryfikacja\u00a0<\/span><span style=\"font-size: 16px;\">drzew do usuni\u0119cia.\u00a0<\/span><\/p><p><span style=\"font-size: 16px;\">Obszar parku jest obj\u0119ty ochron\u0105 konserwatorsk\u0105 \u2013 wpisany do rejestru zabytk\u00f3w jako za\u0142o\u017cenie pa\u0142acowo-parkowe\u00a0<\/span><span style=\"font-size: 16px;\">(data wpisu 20.12.2006 r, PL.1.9.ZIPOZ.NID.N_30_ZE.49384).<\/span><\/p>\t\t\t\t\t<\/div>\n\t\t\t\t\t\t<\/div>\n\t\t\t\t<\/div>\n\t\t\t\t\t\t<\/div>\n\t\t\t\t\t<\/div>\n\t\t<\/div>\n\t\t\t\t<div class=\"elementor-column elementor-col-33 elementor-top-column elementor-element elementor-element-5cddfe2a\" data-id=\"5cddfe2a\" data-element_type=\"column\">\n\t\t\t<div class=\"elementor-column-wrap\">\n\t\t\t\t\t\t\t<div class=\"elementor-widget-wrap\">\n\t\t\t\t\t\t\t\t<\/div>\n\t\t\t\t\t<\/div>\n\t\t<\/div>\n\t\t\t\t<div class=\"elementor-column elementor-col-33 elementor-top-column elementor-element elementor-element-78262b41\" data-id=\"78262b41\" data-element_type=\"column\">\n\t\t\t<div class=\"elementor-column-wrap elementor-element-populated\">\n\t\t\t\t\t\t\t<div class=\"elementor-widget-wrap\">\n\t\t\t\t\t\t<div class=\"elementor-element elementor-element-aaa8314 elementor-widget elementor-widget-spacer\" data-id=\"aaa8314\" data-element_type=\"widget\" data-widget_type=\"spacer.default\">\n\t\t\t\t<div class=\"elementor-widget-container\">\n\t\t\t\t\t<div class=\"elementor-spacer\">\n\t\t\t<div class=\"elementor-spacer-inner\"><\/div>\n\t\t<\/div>\n\t\t\t\t<\/div>\n\t\t\t\t<\/div>\n\t\t\t\t<div class=\"elementor-element elementor-element-875f9dc elementor-widget elementor-widget-spacer\" data-id=\"875f9dc\" data-element_type=\"widget\" data-widget_type=\"spacer.default\">\n\t\t\t\t<div class=\"elementor-widget-container\">\n\t\t\t\t\t<div class=\"elementor-spacer\">\n\t\t\t<div class=\"elementor-spacer-inner\"><\/div>\n\t\t<\/div>\n\t\t\t\t<\/div>\n\t\t\t\t<\/div>\n\t\t\t\t<div class=\"elementor-element elementor-element-5ee227e7 elementor-widget elementor-widget-text-editor\" data-id=\"5ee227e7\" data-element_type=\"widget\" data-widget_type=\"text-editor.default\">\n\t\t\t\t<div class=\"elementor-widget-container\">\n\t\t\t\t\t\t\t\t<div class=\"elementor-text-editor elementor-clearfix\">\n\t\t\t\t<p><b>Zakres prac:<\/b>&nbsp;<span style=\"font-size: 16px;\">a) przygotowanie przegl\u0105du informacji historycznych dotycz\u0105cych alei grabowej.&nbsp;<\/span><span style=\"font-size: 16px;\">b) opracowanie kompleksowego programu prac piel\u0119gnacyjnych, kt\u00f3ry uwzgl\u0119dnia:&nbsp;<\/span><\/p><p><span style=\"font-size: 16px;\">1. zabiegi w koronach drzew, spos\u00f3b wykonywania ci\u0119\u0107 na drzewach wraz z uwzgl\u0119dnieniem etapowania prac oraz rodzaj zabieg\u00f3w do wykonywania, z uwzgl\u0119dnieniem termin\u00f3w ich&nbsp;<\/span><span style=\"font-size: 16px;\">wykonania,&nbsp;<\/span><\/p><p><span style=\"font-size: 16px;\">2.&nbsp;<\/span><span style=\"font-size: 16px;\">zabiegi w obr\u0119bie korzeni drzew \u2013 spos\u00f3b rozlu\u017anienia nadmiernie zag\u0119szczonej gleby wok\u00f3\u0142 drzew (np. AirSpade) zabezpieczenie korzeni drzew,<\/span><span style=\"font-size: 16px;\">&nbsp;<\/span><\/p><p><span style=\"font-size: 16px;\">3. ewentualnie inne zabiegi poprawiaj\u0105ce warunki wegetacyjne drzew,&nbsp;<\/span><\/p><p><span style=\"font-size: 16px;\">4.&nbsp;<\/span><span style=\"font-size: 16px;\">propozycje miejsc nowych nasadze\u0144 drzew w alei grabowej, ich ilo\u015b\u0107 oraz optymalna wielko\u015b\u0107.&nbsp;<\/span><\/p><p><span style=\"font-size: 16px;\">5.&nbsp;<\/span><span style=\"font-size: 16px;\">szacunkowy kosztorys przedstawiaj\u0105cy koszty jakie Inwestor b\u0119dzie musia\u0142 ponie\u015b\u0107 realizuj\u0105c prace piel\u0119gnacyjne.<\/span><\/p>\t\t\t\t\t<\/div>\n\t\t\t\t\t\t<\/div>\n\t\t\t\t<\/div>\n\t\t\t\t\t\t<\/div>\n\t\t\t\t\t<\/div>\n\t\t<\/div>\n\t\t\t\t\t\t\t\t<\/div>\n\t\t\t\t\t<\/div>\n\t\t<\/section>\n\t\t\t\t\t\t\t\t\t<\/div>\n\t\t\t<\/div>\n\t\t\t\t\t<\/div>\n\t\t","protected":false},"excerpt":{"rendered":"<p>\u00a0PROGRAM PRAC PIEL\u0118GNACYJNCH dLA aLEI\u00a0 GRABOWEJ ZLOKALIZOWANEJ W ZABYTKOWYM PARKU RADOLI\u0143SKICH W JAROCINIE\u00a0 Lokalizacja: Park Radoli\u0144skich, JarocinAutorzy: Monika Marzuchowska, Maciej Motas (arborysta.com Pracownia Architektury Krajobrazu Maciej Motas)Rok: 2017 Opracowanie dotyczy tworzenia programu prac piel\u0119gnacyjnych dla alei grabowej zlokalizowanej w zabytkowym Parku Radoli\u0144skich w Jarocinie.\u00a0Celem opracowania jest wykonanie ekspertyzy opisuj\u0105cej zakres i spos\u00f3b prac piel\u0119gnacyjnych dla &hellip;<\/p>\n<p class=\"read-more\"> <a class=\"\" href=\"https:\/\/marzuchowska.com\/?page_id=2412\"> <span class=\"screen-reader-text\">JAROCIN<\/span> Read More &raquo;<\/a><\/p>\n","protected":false},"author":4,"featured_media":0,"parent":2203,"menu_order":0,"comment_status":"closed","ping_status":"closed","template":"","meta":{"_uag_custom_page_level_css":"","_vp_format_video_url":"","_vp_image_focal_point":[],"_links_to":"","_links_to_target":""},"uagb_featured_image_src":{"full":false,"thumbnail":false,"medium":false,"medium_large":false,"large":false,"1536x1536":false,"2048x2048":false,"vp_sm":false,"vp_md":false,"vp_lg":false,"vp_xl":false,"vp_sm_popup":false,"vp_md_popup":false,"vp_xl_popup":false},"uagb_author_info":{"display_name":"Natalia","author_link":"https:\/\/marzuchowska.com\/?author=4"},"uagb_comment_info":0,"uagb_excerpt":"\u00a0PROGRAM PRAC PIEL\u0118GNACYJNCH dLA aLEI\u00a0 GRABOWEJ ZLOKALIZOWANEJ W ZABYTKOWYM PARKU RADOLI\u0143SKICH W JAROCINIE\u00a0 Lokalizacja: Park Radoli\u0144skich, JarocinAutorzy: Monika Marzuchowska, Maciej Motas (arborysta.com Pracownia Architektury Krajobrazu Maciej Motas)Rok: 2017 Opracowanie dotyczy tworzenia programu prac piel\u0119gnacyjnych dla alei grabowej zlokalizowanej w zabytkowym Parku Radoli\u0144skich w Jarocinie.\u00a0Celem opracowania jest wykonanie ekspertyzy opisuj\u0105cej zakres i spos\u00f3b prac piel\u0119gnacyjnych dla&hellip;","_links":{"self":[{"href":"https:\/\/marzuchowska.com\/index.php?rest_route=\/wp\/v2\/pages\/2412"}],"collection":[{"href":"https:\/\/marzuchowska.com\/index.php?rest_route=\/wp\/v2\/pages"}],"about":[{"href":"https:\/\/marzuchowska.com\/index.php?rest_route=\/wp\/v2\/types\/page"}],"author":[{"embeddable":true,"href":"https:\/\/marzuchowska.com\/index.php?rest_route=\/wp\/v2\/users\/4"}],"replies":[{"embeddable":true,"href":"https:\/\/marzuchowska.com\/index.php?rest_route=%2Fwp%2Fv2%2Fcomments&post=2412"}],"version-history":[{"count":37,"href":"https:\/\/marzuchowska.com\/index.php?rest_route=\/wp\/v2\/pages\/2412\/revisions"}],"predecessor-version":[{"id":3250,"href":"https:\/\/marzuchowska.com\/index.php?rest_route=\/wp\/v2\/pages\/2412\/revisions\/3250"}],"up":[{"embeddable":true,"href":"https:\/\/marzuchowska.com\/index.php?rest_route=\/wp\/v2\/pages\/2203"}],"wp:attachment":[{"href":"https:\/\/marzuchowska.com\/index.php?rest_route=%2Fwp%2Fv2%2Fmedia&parent=2412"}],"curies":[{"name":"wp","href":"https:\/\/api.w.org\/{rel}","templated":true}]}}