{"id":3001,"date":"2021-01-08T22:03:19","date_gmt":"2021-01-08T22:03:19","guid":{"rendered":"https:\/\/marzuchowska.com\/?page_id=3001"},"modified":"2021-01-10T07:16:41","modified_gmt":"2021-01-10T07:16:41","slug":"park-skaryszewski2","status":"publish","type":"page","link":"https:\/\/marzuchowska.com\/?page_id=3001","title":{"rendered":"Park Skaryszewski2"},"content":{"rendered":"\t\t<div data-elementor-type=\"wp-page\" data-elementor-id=\"3001\" class=\"elementor elementor-3001\">\n\t\t\t\t\t\t<div class=\"elementor-inner\">\n\t\t\t\t<div class=\"elementor-section-wrap\">\n\t\t\t\t\t\t\t\t\t<section class=\"elementor-section elementor-top-section elementor-element elementor-element-26938b7b elementor-section-full_width elementor-section-height-default elementor-section-height-default\" data-id=\"26938b7b\" data-element_type=\"section\">\n\t\t\t\t\t\t<div class=\"elementor-container elementor-column-gap-no\">\n\t\t\t\t\t\t\t<div class=\"elementor-row\">\n\t\t\t\t\t<div class=\"elementor-column elementor-col-100 elementor-top-column elementor-element elementor-element-6b518f0a\" data-id=\"6b518f0a\" data-element_type=\"column\">\n\t\t\t<div class=\"elementor-column-wrap elementor-element-populated\">\n\t\t\t\t\t\t\t<div class=\"elementor-widget-wrap\">\n\t\t\t\t\t\t<div class=\"elementor-element elementor-element-7e27f68c elementor-widget elementor-widget-image\" data-id=\"7e27f68c\" data-element_type=\"widget\" data-widget_type=\"image.default\">\n\t\t\t\t<div class=\"elementor-widget-container\">\n\t\t\t\t\t\t\t\t<div class=\"elementor-image\">\n\t\t\t\t\t\t\t\t\t\t\t\t<img width=\"1024\" height=\"575\" src=\"https:\/\/marzuchowska.com\/wp-content\/uploads\/2021\/01\/foto0-1024x575.jpg\" class=\"attachment-large size-large wp-image-3007\" alt=\"\" loading=\"lazy\" srcset=\"https:\/\/marzuchowska.com\/wp-content\/uploads\/2021\/01\/foto0-1024x575.jpg 1024w, https:\/\/marzuchowska.com\/wp-content\/uploads\/2021\/01\/foto0-300x168.jpg 300w, https:\/\/marzuchowska.com\/wp-content\/uploads\/2021\/01\/foto0-768x431.jpg 768w, https:\/\/marzuchowska.com\/wp-content\/uploads\/2021\/01\/foto0-500x281.jpg 500w, https:\/\/marzuchowska.com\/wp-content\/uploads\/2021\/01\/foto0-800x449.jpg 800w, https:\/\/marzuchowska.com\/wp-content\/uploads\/2021\/01\/foto0-1280x719.jpg 1280w, https:\/\/marzuchowska.com\/wp-content\/uploads\/2021\/01\/foto0-1920x1078.jpg 1920w, https:\/\/marzuchowska.com\/wp-content\/uploads\/2021\/01\/foto0-1536x863.jpg 1536w, https:\/\/marzuchowska.com\/wp-content\/uploads\/2021\/01\/foto0-2048x1150.jpg 2048w\" sizes=\"(max-width: 1024px) 100vw, 1024px\" \/>\t\t\t\t\t\t\t\t\t\t\t\t\t\t<\/div>\n\t\t\t\t\t\t<\/div>\n\t\t\t\t<\/div>\n\t\t\t\t\t\t<\/div>\n\t\t\t\t\t<\/div>\n\t\t<\/div>\n\t\t\t\t\t\t\t\t<\/div>\n\t\t\t\t\t<\/div>\n\t\t<\/section>\n\t\t\t\t<section class=\"elementor-section elementor-top-section elementor-element elementor-element-73a0d962 elementor-section-boxed elementor-section-height-default elementor-section-height-default\" data-id=\"73a0d962\" data-element_type=\"section\">\n\t\t\t\t\t\t<div class=\"elementor-container elementor-column-gap-no\">\n\t\t\t\t\t\t\t<div class=\"elementor-row\">\n\t\t\t\t\t<div class=\"elementor-column elementor-col-100 elementor-top-column elementor-element elementor-element-308c691a\" data-id=\"308c691a\" data-element_type=\"column\">\n\t\t\t<div class=\"elementor-column-wrap elementor-element-populated\">\n\t\t\t\t\t\t\t<div class=\"elementor-widget-wrap\">\n\t\t\t\t\t\t<div class=\"elementor-element elementor-element-16efcea2 elementor-widget elementor-widget-text-editor\" data-id=\"16efcea2\" data-element_type=\"widget\" data-widget_type=\"text-editor.default\">\n\t\t\t\t<div class=\"elementor-widget-container\">\n\t\t\t\t\t\t\t\t<div class=\"elementor-text-editor elementor-clearfix\">\n\t\t\t\t<h4><b>EKSPERTYZA DENDROLOGICZNA 100 DRZEW W ALEI JESIONOWEJ W PARKU SKARYSZEWSKIM IM. IGNACEGO JANA PADEREWSKIEGO ZLOKALIZOWANYM PRZY ALEI WASZYNGTONA W WARSZAWIE<\/b><\/h4>\t\t\t\t\t<\/div>\n\t\t\t\t\t\t<\/div>\n\t\t\t\t<\/div>\n\t\t\t\t\t\t<\/div>\n\t\t\t\t\t<\/div>\n\t\t<\/div>\n\t\t\t\t\t\t\t\t<\/div>\n\t\t\t\t\t<\/div>\n\t\t<\/section>\n\t\t\t\t<section class=\"elementor-section elementor-top-section elementor-element elementor-element-7e42e921 elementor-section-boxed elementor-section-height-default elementor-section-height-default\" data-id=\"7e42e921\" data-element_type=\"section\">\n\t\t\t\t\t\t<div class=\"elementor-container elementor-column-gap-no\">\n\t\t\t\t\t\t\t<div class=\"elementor-row\">\n\t\t\t\t\t<div class=\"elementor-column elementor-col-33 elementor-top-column elementor-element elementor-element-640dbdbf\" data-id=\"640dbdbf\" data-element_type=\"column\">\n\t\t\t<div class=\"elementor-column-wrap elementor-element-populated\">\n\t\t\t\t\t\t\t<div class=\"elementor-widget-wrap\">\n\t\t\t\t\t\t<div class=\"elementor-element elementor-element-5dca63e0 elementor-widget elementor-widget-text-editor\" data-id=\"5dca63e0\" data-element_type=\"widget\" data-widget_type=\"text-editor.default\">\n\t\t\t\t<div class=\"elementor-widget-container\">\n\t\t\t\t\t\t\t\t<div class=\"elementor-text-editor elementor-clearfix\">\n\t\t\t\t<p><strong>Lokalizacja:<\/strong> Park Skaryszewski im. Ignacego Jana Paderewskiego w Warszawie<br \/><strong>Autorzy:<\/strong>\u00a0<span style=\"font-size: 16px; font-style: normal; font-weight: 300;\"> Monika Marzuchowska, Maciej Motas (arborysta.com), Joanna Lewandowska<\/span><br \/><strong>Rok: <\/strong>2018<\/p>\t\t\t\t\t<\/div>\n\t\t\t\t\t\t<\/div>\n\t\t\t\t<\/div>\n\t\t\t\t<div class=\"elementor-element elementor-element-191ae4f elementor-widget-divider--view-line elementor-widget elementor-widget-divider\" data-id=\"191ae4f\" data-element_type=\"widget\" data-widget_type=\"divider.default\">\n\t\t\t\t<div class=\"elementor-widget-container\">\n\t\t\t\t\t<div class=\"elementor-divider\">\n\t\t\t<span class=\"elementor-divider-separator\">\n\t\t\t\t\t\t<\/span>\n\t\t<\/div>\n\t\t\t\t<\/div>\n\t\t\t\t<\/div>\n\t\t\t\t<div class=\"elementor-element elementor-element-39ad8e6d elementor-widget elementor-widget-text-editor\" data-id=\"39ad8e6d\" data-element_type=\"widget\" data-widget_type=\"text-editor.default\">\n\t\t\t\t<div class=\"elementor-widget-container\">\n\t\t\t\t\t\t\t\t<div class=\"elementor-text-editor elementor-clearfix\">\n\t\t\t\t<p>Celem opracowania jest wykonanie opinii dendrologicznej drzew, kt\u00f3ra zawiera: ocen\u0119 stanu zdrowotnego, stabilno\u015bci drzewa, ocen\u0119 stopnia zagro\u017cenia ludzi i mienia w najbli\u017cszym otoczeniu oraz zalecenia<\/p>\t\t\t\t\t<\/div>\n\t\t\t\t\t\t<\/div>\n\t\t\t\t<\/div>\n\t\t\t\t\t\t<\/div>\n\t\t\t\t\t<\/div>\n\t\t<\/div>\n\t\t\t\t<div class=\"elementor-column elementor-col-33 elementor-top-column elementor-element elementor-element-3672f80b\" data-id=\"3672f80b\" data-element_type=\"column\">\n\t\t\t<div class=\"elementor-column-wrap\">\n\t\t\t\t\t\t\t<div class=\"elementor-widget-wrap\">\n\t\t\t\t\t\t\t\t<\/div>\n\t\t\t\t\t<\/div>\n\t\t<\/div>\n\t\t\t\t<div class=\"elementor-column elementor-col-33 elementor-top-column elementor-element elementor-element-183fd6fb\" data-id=\"183fd6fb\" data-element_type=\"column\">\n\t\t\t<div class=\"elementor-column-wrap elementor-element-populated\">\n\t\t\t\t\t\t\t<div class=\"elementor-widget-wrap\">\n\t\t\t\t\t\t<div class=\"elementor-element elementor-element-d4b0852 elementor-widget elementor-widget-spacer\" data-id=\"d4b0852\" data-element_type=\"widget\" data-widget_type=\"spacer.default\">\n\t\t\t\t<div class=\"elementor-widget-container\">\n\t\t\t\t\t<div class=\"elementor-spacer\">\n\t\t\t<div class=\"elementor-spacer-inner\"><\/div>\n\t\t<\/div>\n\t\t\t\t<\/div>\n\t\t\t\t<\/div>\n\t\t\t\t<div class=\"elementor-element elementor-element-ac35b11 elementor-widget elementor-widget-text-editor\" data-id=\"ac35b11\" data-element_type=\"widget\" data-widget_type=\"text-editor.default\">\n\t\t\t\t<div class=\"elementor-widget-container\">\n\t\t\t\t\t\t\t\t<div class=\"elementor-text-editor elementor-clearfix\">\n\t\t\t\t<p><span class=\"fontstyle0\">W sk\u0142ad oceny drzewa wchodzi \u2013 podstawowa diagnostyka drzewa bazuj\u0105ca na metodzie VTA (Visual Tree Assessement) powszechnie wykorzystywanej m.in. w Europie i USA. Ponadto dla wybranych drzew przeprowadzono nieinwazyjne specjalistyczne badanie stanu zachowania pnia, wykonanego przy pomocy tomografu impulsowego ARBOTOM\u2122<\/span>\u00a0\u00a0<\/p>\t\t\t\t\t<\/div>\n\t\t\t\t\t\t<\/div>\n\t\t\t\t<\/div>\n\t\t\t\t\t\t<\/div>\n\t\t\t\t\t<\/div>\n\t\t<\/div>\n\t\t\t\t\t\t\t\t<\/div>\n\t\t\t\t\t<\/div>\n\t\t<\/section>\n\t\t\t\t\t\t\t\t\t<\/div>\n\t\t\t<\/div>\n\t\t\t\t\t<\/div>\n\t\t","protected":false},"excerpt":{"rendered":"<p>EKSPERTYZA DENDROLOGICZNA 100 DRZEW W ALEI JESIONOWEJ W PARKU SKARYSZEWSKIM IM. IGNACEGO JANA PADEREWSKIEGO ZLOKALIZOWANYM PRZY ALEI WASZYNGTONA W WARSZAWIE Lokalizacja: Park Skaryszewski im. Ignacego Jana Paderewskiego w WarszawieAutorzy:\u00a0 Monika Marzuchowska, Maciej Motas (arborysta.com), Joanna LewandowskaRok: 2018 Celem opracowania jest wykonanie opinii dendrologicznej drzew, kt\u00f3ra zawiera: ocen\u0119 stanu zdrowotnego, stabilno\u015bci drzewa, ocen\u0119 stopnia zagro\u017cenia ludzi &hellip;<\/p>\n<p class=\"read-more\"> <a class=\"\" href=\"https:\/\/marzuchowska.com\/?page_id=3001\"> <span class=\"screen-reader-text\">Park Skaryszewski2<\/span> Read More &raquo;<\/a><\/p>\n","protected":false},"author":2,"featured_media":0,"parent":2203,"menu_order":0,"comment_status":"closed","ping_status":"closed","template":"","meta":{"_uag_custom_page_level_css":"","_vp_format_video_url":"","_vp_image_focal_point":[],"_links_to":"","_links_to_target":""},"uagb_featured_image_src":{"full":false,"thumbnail":false,"medium":false,"medium_large":false,"large":false,"1536x1536":false,"2048x2048":false,"vp_sm":false,"vp_md":false,"vp_lg":false,"vp_xl":false,"vp_sm_popup":false,"vp_md_popup":false,"vp_xl_popup":false},"uagb_author_info":{"display_name":"monika","author_link":"https:\/\/marzuchowska.com\/?author=2"},"uagb_comment_info":0,"uagb_excerpt":"EKSPERTYZA DENDROLOGICZNA 100 DRZEW W ALEI JESIONOWEJ W PARKU SKARYSZEWSKIM IM. IGNACEGO JANA PADEREWSKIEGO ZLOKALIZOWANYM PRZY ALEI WASZYNGTONA W WARSZAWIE Lokalizacja: Park Skaryszewski im. Ignacego Jana Paderewskiego w WarszawieAutorzy:\u00a0 Monika Marzuchowska, Maciej Motas (arborysta.com), Joanna LewandowskaRok: 2018 Celem opracowania jest wykonanie opinii dendrologicznej drzew, kt\u00f3ra zawiera: ocen\u0119 stanu zdrowotnego, stabilno\u015bci drzewa, ocen\u0119 stopnia zagro\u017cenia ludzi&hellip;","_links":{"self":[{"href":"https:\/\/marzuchowska.com\/index.php?rest_route=\/wp\/v2\/pages\/3001"}],"collection":[{"href":"https:\/\/marzuchowska.com\/index.php?rest_route=\/wp\/v2\/pages"}],"about":[{"href":"https:\/\/marzuchowska.com\/index.php?rest_route=\/wp\/v2\/types\/page"}],"author":[{"embeddable":true,"href":"https:\/\/marzuchowska.com\/index.php?rest_route=\/wp\/v2\/users\/2"}],"replies":[{"embeddable":true,"href":"https:\/\/marzuchowska.com\/index.php?rest_route=%2Fwp%2Fv2%2Fcomments&post=3001"}],"version-history":[{"count":15,"href":"https:\/\/marzuchowska.com\/index.php?rest_route=\/wp\/v2\/pages\/3001\/revisions"}],"predecessor-version":[{"id":3140,"href":"https:\/\/marzuchowska.com\/index.php?rest_route=\/wp\/v2\/pages\/3001\/revisions\/3140"}],"up":[{"embeddable":true,"href":"https:\/\/marzuchowska.com\/index.php?rest_route=\/wp\/v2\/pages\/2203"}],"wp:attachment":[{"href":"https:\/\/marzuchowska.com\/index.php?rest_route=%2Fwp%2Fv2%2Fmedia&parent=3001"}],"curies":[{"name":"wp","href":"https:\/\/api.w.org\/{rel}","templated":true}]}}