{"id":3040,"date":"2021-01-08T23:19:04","date_gmt":"2021-01-08T23:19:04","guid":{"rendered":"https:\/\/marzuchowska.com\/?page_id=3040"},"modified":"2021-01-09T23:16:43","modified_gmt":"2021-01-09T23:16:43","slug":"grow-green-studium-nt-poprawy-warunkow-siedliskowych-drzew","status":"publish","type":"page","link":"https:\/\/marzuchowska.com\/?page_id=3040","title":{"rendered":"Grow Green, Studium nt. poprawy warunk\u00f3w siedliskowych drzew"},"content":{"rendered":"\t\t<div data-elementor-type=\"wp-page\" data-elementor-id=\"3040\" class=\"elementor elementor-3040\">\n\t\t\t\t\t\t<div class=\"elementor-inner\">\n\t\t\t\t<div class=\"elementor-section-wrap\">\n\t\t\t\t\t\t\t\t\t<section class=\"elementor-section elementor-top-section elementor-element elementor-element-5d8f77b3 elementor-section-full_width elementor-section-height-default elementor-section-height-default\" data-id=\"5d8f77b3\" data-element_type=\"section\">\n\t\t\t\t\t\t<div class=\"elementor-container elementor-column-gap-no\">\n\t\t\t\t\t\t\t<div class=\"elementor-row\">\n\t\t\t\t\t<div class=\"elementor-column elementor-col-100 elementor-top-column elementor-element elementor-element-152fa438\" data-id=\"152fa438\" data-element_type=\"column\">\n\t\t\t<div class=\"elementor-column-wrap elementor-element-populated\">\n\t\t\t\t\t\t\t<div class=\"elementor-widget-wrap\">\n\t\t\t\t\t\t<div class=\"elementor-element elementor-element-511a37e1 elementor-widget elementor-widget-image\" data-id=\"511a37e1\" data-element_type=\"widget\" data-widget_type=\"image.default\">\n\t\t\t\t<div class=\"elementor-widget-container\">\n\t\t\t\t\t\t\t\t<div class=\"elementor-image\">\n\t\t\t\t\t\t\t\t\t\t\t\t<img width=\"1024\" height=\"540\" src=\"https:\/\/marzuchowska.com\/wp-content\/uploads\/2021\/01\/foto0-1-1024x540.jpg\" class=\"attachment-large size-large wp-image-3044\" alt=\"\" loading=\"lazy\" srcset=\"https:\/\/marzuchowska.com\/wp-content\/uploads\/2021\/01\/foto0-1-1024x540.jpg 1024w, https:\/\/marzuchowska.com\/wp-content\/uploads\/2021\/01\/foto0-1-300x158.jpg 300w, https:\/\/marzuchowska.com\/wp-content\/uploads\/2021\/01\/foto0-1-768x405.jpg 768w, https:\/\/marzuchowska.com\/wp-content\/uploads\/2021\/01\/foto0-1-500x264.jpg 500w, https:\/\/marzuchowska.com\/wp-content\/uploads\/2021\/01\/foto0-1-800x422.jpg 800w, https:\/\/marzuchowska.com\/wp-content\/uploads\/2021\/01\/foto0-1-1280x676.jpg 1280w, https:\/\/marzuchowska.com\/wp-content\/uploads\/2021\/01\/foto0-1-1920x1013.jpg 1920w, https:\/\/marzuchowska.com\/wp-content\/uploads\/2021\/01\/foto0-1-1536x811.jpg 1536w, https:\/\/marzuchowska.com\/wp-content\/uploads\/2021\/01\/foto0-1-2048x1081.jpg 2048w\" sizes=\"(max-width: 1024px) 100vw, 1024px\" \/>\t\t\t\t\t\t\t\t\t\t\t\t\t\t<\/div>\n\t\t\t\t\t\t<\/div>\n\t\t\t\t<\/div>\n\t\t\t\t\t\t<\/div>\n\t\t\t\t\t<\/div>\n\t\t<\/div>\n\t\t\t\t\t\t\t\t<\/div>\n\t\t\t\t\t<\/div>\n\t\t<\/section>\n\t\t\t\t<section class=\"elementor-section elementor-top-section elementor-element elementor-element-7cfa66a elementor-section-boxed elementor-section-height-default elementor-section-height-default\" data-id=\"7cfa66a\" data-element_type=\"section\">\n\t\t\t\t\t\t<div class=\"elementor-container elementor-column-gap-no\">\n\t\t\t\t\t\t\t<div class=\"elementor-row\">\n\t\t\t\t\t<div class=\"elementor-column elementor-col-100 elementor-top-column elementor-element elementor-element-2abef3a\" data-id=\"2abef3a\" data-element_type=\"column\">\n\t\t\t<div class=\"elementor-column-wrap elementor-element-populated\">\n\t\t\t\t\t\t\t<div class=\"elementor-widget-wrap\">\n\t\t\t\t\t\t<div class=\"elementor-element elementor-element-51e7a5af elementor-widget elementor-widget-text-editor\" data-id=\"51e7a5af\" data-element_type=\"widget\" data-widget_type=\"text-editor.default\">\n\t\t\t\t<div class=\"elementor-widget-container\">\n\t\t\t\t\t\t\t\t<div class=\"elementor-text-editor elementor-clearfix\">\n\t\t\t\t<h4><b>ROZPOZNANIE UWARUNKOWA\u0143 DLA KONCEPCJI EKSPERYMENTALNYCH OBSZAR\u00d3W ZIELONYCH W RAMACH PROJEKTU NAUKOWO-BADAWCZEGO \u201aGROW GREEN&#8217;<\/b><\/h4>\t\t\t\t\t<\/div>\n\t\t\t\t\t\t<\/div>\n\t\t\t\t<\/div>\n\t\t\t\t\t\t<\/div>\n\t\t\t\t\t<\/div>\n\t\t<\/div>\n\t\t\t\t\t\t\t\t<\/div>\n\t\t\t\t\t<\/div>\n\t\t<\/section>\n\t\t\t\t<section class=\"elementor-section elementor-top-section elementor-element elementor-element-45f18c09 elementor-section-boxed elementor-section-height-default elementor-section-height-default\" data-id=\"45f18c09\" data-element_type=\"section\">\n\t\t\t\t\t\t<div class=\"elementor-container elementor-column-gap-no\">\n\t\t\t\t\t\t\t<div class=\"elementor-row\">\n\t\t\t\t\t<div class=\"elementor-column elementor-col-33 elementor-top-column elementor-element elementor-element-8090807\" data-id=\"8090807\" data-element_type=\"column\">\n\t\t\t<div class=\"elementor-column-wrap elementor-element-populated\">\n\t\t\t\t\t\t\t<div class=\"elementor-widget-wrap\">\n\t\t\t\t\t\t<div class=\"elementor-element elementor-element-bc70f6e elementor-widget elementor-widget-text-editor\" data-id=\"bc70f6e\" data-element_type=\"widget\" data-widget_type=\"text-editor.default\">\n\t\t\t\t<div class=\"elementor-widget-container\">\n\t\t\t\t\t\t\t\t<div class=\"elementor-text-editor elementor-clearfix\">\n\t\t\t\t<p><b>Lokalizacja: <\/b>osiedle O\u0142bin, Wroc\u0142aw<br \/><strong>Autorzy:<\/strong>\u00a0<span style=\"font-size: 16px; font-style: normal; font-weight: 300;\"> Monika Marzuchowska, Maciej Motas (arborysta.com)<\/span><br \/><span style=\"font-size: 16px; font-style: normal;\"><b>Opracowanie na zlecenie: <\/b>PHU Dwornicza s.c.<\/span><br \/><b>Rok:<\/b> 2018<\/p>\t\t\t\t\t<\/div>\n\t\t\t\t\t\t<\/div>\n\t\t\t\t<\/div>\n\t\t\t\t<div class=\"elementor-element elementor-element-15d30eae elementor-widget elementor-widget-text-editor\" data-id=\"15d30eae\" data-element_type=\"widget\" data-widget_type=\"text-editor.default\">\n\t\t\t\t<div class=\"elementor-widget-container\">\n\t\t\t\t\t\t\t\t<div class=\"elementor-text-editor elementor-clearfix\">\n\t\t\t\t<p style=\"font-size: 16px; font-style: normal; font-weight: 300;\">Przedmiotem opracowania s\u0105 studia przedprojektowe dla fragmentu osiedla O\u0142bin we Wroc\u0142awiu obejmuj\u0105cego w szczeg\u00f3lno\u015bci ulic\u0119 Daszy\u0144skiego i znajduj\u0105cych si\u0119 w jej pobli\u017cu 7 obszar\u00f3w, w obr\u0119bie kt\u00f3rych realizowane b\u0119d\u0105 demonstratory, w tym parki kieszonkowe, nasadzenia drzew i krzew\u00f3w, ogrody deszczowe oraz inne innowacyjne rozwi\u0105zania zwi\u0105zane z przystosowaniem przestrzeni publicznych do zmian klimatu.<\/p>\t\t\t\t\t<\/div>\n\t\t\t\t\t\t<\/div>\n\t\t\t\t<\/div>\n\t\t\t\t\t\t<\/div>\n\t\t\t\t\t<\/div>\n\t\t<\/div>\n\t\t\t\t<div class=\"elementor-column elementor-col-33 elementor-top-column elementor-element elementor-element-56c503da\" data-id=\"56c503da\" data-element_type=\"column\">\n\t\t\t<div class=\"elementor-column-wrap\">\n\t\t\t\t\t\t\t<div class=\"elementor-widget-wrap\">\n\t\t\t\t\t\t\t\t<\/div>\n\t\t\t\t\t<\/div>\n\t\t<\/div>\n\t\t\t\t<div class=\"elementor-column elementor-col-33 elementor-top-column elementor-element elementor-element-24a397ce\" data-id=\"24a397ce\" data-element_type=\"column\">\n\t\t\t<div class=\"elementor-column-wrap elementor-element-populated\">\n\t\t\t\t\t\t\t<div class=\"elementor-widget-wrap\">\n\t\t\t\t\t\t<div class=\"elementor-element elementor-element-bc8afe7 elementor-widget elementor-widget-text-editor\" data-id=\"bc8afe7\" data-element_type=\"widget\" data-widget_type=\"text-editor.default\">\n\t\t\t\t<div class=\"elementor-widget-container\">\n\t\t\t\t\t\t\t\t<div class=\"elementor-text-editor elementor-clearfix\">\n\t\t\t\t\t\t\t\t\t<\/div>\n\t\t\t\t\t\t<\/div>\n\t\t\t\t<\/div>\n\t\t\t\t<div class=\"elementor-element elementor-element-3f791a6 elementor-widget elementor-widget-spacer\" data-id=\"3f791a6\" data-element_type=\"widget\" data-widget_type=\"spacer.default\">\n\t\t\t\t<div class=\"elementor-widget-container\">\n\t\t\t\t\t<div class=\"elementor-spacer\">\n\t\t\t<div class=\"elementor-spacer-inner\"><\/div>\n\t\t<\/div>\n\t\t\t\t<\/div>\n\t\t\t\t<\/div>\n\t\t\t\t<div class=\"elementor-element elementor-element-2abd90a9 elementor-widget elementor-widget-text-editor\" data-id=\"2abd90a9\" data-element_type=\"widget\" data-widget_type=\"text-editor.default\">\n\t\t\t\t<div class=\"elementor-widget-container\">\n\t\t\t\t\t\t\t\t<div class=\"elementor-text-editor elementor-clearfix\">\n\t\t\t\t<p>Opracowanie ma na celu opracowanie najbardziej efektywnych metod poprawy warunk\u00f3w siedliskowych drzew na terenie obj\u0119tych opracowaniem. Przyj\u0119to metodyk\u0119 pracy, w kt\u00f3rej najpierw wyznaczono okre\u015blone grupy drzew a nast\u0119pnie zaproponowano zabiegi poprawiaj\u0105ce warunki stanowiskowe. Oczekiwanym efektem ma by\u0107 lepszy wzrost istniej\u0105cych drzew a nast\u0119pnie mo\u017cliwo\u015b\u0107 utworzenia zieleni pi\u0119trowej z udzia\u0142em krzew\u00f3w i ro\u015blin zielnych<\/p><p>.<\/p>\t\t\t\t\t<\/div>\n\t\t\t\t\t\t<\/div>\n\t\t\t\t<\/div>\n\t\t\t\t\t\t<\/div>\n\t\t\t\t\t<\/div>\n\t\t<\/div>\n\t\t\t\t\t\t\t\t<\/div>\n\t\t\t\t\t<\/div>\n\t\t<\/section>\n\t\t\t\t<section class=\"elementor-section elementor-top-section elementor-element elementor-element-90bcd80 elementor-section-boxed elementor-section-height-default elementor-section-height-default\" data-id=\"90bcd80\" data-element_type=\"section\">\n\t\t\t\t\t\t<div class=\"elementor-container elementor-column-gap-default\">\n\t\t\t\t\t\t\t<div class=\"elementor-row\">\n\t\t\t\t\t<div class=\"elementor-column elementor-col-50 elementor-top-column elementor-element elementor-element-0657d0e\" data-id=\"0657d0e\" data-element_type=\"column\">\n\t\t\t<div class=\"elementor-column-wrap elementor-element-populated\">\n\t\t\t\t\t\t\t<div class=\"elementor-widget-wrap\">\n\t\t\t\t\t\t<div class=\"elementor-element elementor-element-1a2db68 elementor-widget elementor-widget-image\" data-id=\"1a2db68\" data-element_type=\"widget\" data-widget_type=\"image.default\">\n\t\t\t\t<div class=\"elementor-widget-container\">\n\t\t\t\t\t\t\t\t<div class=\"elementor-image\">\n\t\t\t\t\t\t\t\t\t\t\t\t<img width=\"1024\" height=\"768\" src=\"https:\/\/marzuchowska.com\/wp-content\/uploads\/2021\/01\/DSC00940-1024x768.jpg\" class=\"attachment-large size-large wp-image-3061\" alt=\"\" loading=\"lazy\" srcset=\"https:\/\/marzuchowska.com\/wp-content\/uploads\/2021\/01\/DSC00940-1024x768.jpg 1024w, https:\/\/marzuchowska.com\/wp-content\/uploads\/2021\/01\/DSC00940-300x225.jpg 300w, https:\/\/marzuchowska.com\/wp-content\/uploads\/2021\/01\/DSC00940-768x576.jpg 768w, https:\/\/marzuchowska.com\/wp-content\/uploads\/2021\/01\/DSC00940-500x375.jpg 500w, https:\/\/marzuchowska.com\/wp-content\/uploads\/2021\/01\/DSC00940-800x600.jpg 800w, https:\/\/marzuchowska.com\/wp-content\/uploads\/2021\/01\/DSC00940-1280x960.jpg 1280w, https:\/\/marzuchowska.com\/wp-content\/uploads\/2021\/01\/DSC00940-1920x1440.jpg 1920w, https:\/\/marzuchowska.com\/wp-content\/uploads\/2021\/01\/DSC00940-1536x1152.jpg 1536w, https:\/\/marzuchowska.com\/wp-content\/uploads\/2021\/01\/DSC00940-2048x1536.jpg 2048w\" sizes=\"(max-width: 1024px) 100vw, 1024px\" \/>\t\t\t\t\t\t\t\t\t\t\t\t\t\t<\/div>\n\t\t\t\t\t\t<\/div>\n\t\t\t\t<\/div>\n\t\t\t\t\t\t<\/div>\n\t\t\t\t\t<\/div>\n\t\t<\/div>\n\t\t\t\t<div class=\"elementor-column elementor-col-50 elementor-top-column elementor-element elementor-element-e39376e\" data-id=\"e39376e\" data-element_type=\"column\">\n\t\t\t<div class=\"elementor-column-wrap elementor-element-populated\">\n\t\t\t\t\t\t\t<div class=\"elementor-widget-wrap\">\n\t\t\t\t\t\t<div class=\"elementor-element elementor-element-6e2f5fd elementor-widget elementor-widget-image\" data-id=\"6e2f5fd\" data-element_type=\"widget\" data-widget_type=\"image.default\">\n\t\t\t\t<div class=\"elementor-widget-container\">\n\t\t\t\t\t\t\t\t<div class=\"elementor-image\">\n\t\t\t\t\t\t\t\t\t\t\t\t<img width=\"1024\" height=\"768\" src=\"https:\/\/marzuchowska.com\/wp-content\/uploads\/2021\/01\/DSC00937-1024x768.jpg\" class=\"attachment-large size-large wp-image-3062\" alt=\"\" loading=\"lazy\" srcset=\"https:\/\/marzuchowska.com\/wp-content\/uploads\/2021\/01\/DSC00937-1024x768.jpg 1024w, https:\/\/marzuchowska.com\/wp-content\/uploads\/2021\/01\/DSC00937-300x225.jpg 300w, https:\/\/marzuchowska.com\/wp-content\/uploads\/2021\/01\/DSC00937-768x576.jpg 768w, https:\/\/marzuchowska.com\/wp-content\/uploads\/2021\/01\/DSC00937-500x375.jpg 500w, https:\/\/marzuchowska.com\/wp-content\/uploads\/2021\/01\/DSC00937-800x600.jpg 800w, https:\/\/marzuchowska.com\/wp-content\/uploads\/2021\/01\/DSC00937-1280x960.jpg 1280w, https:\/\/marzuchowska.com\/wp-content\/uploads\/2021\/01\/DSC00937-1920x1440.jpg 1920w, https:\/\/marzuchowska.com\/wp-content\/uploads\/2021\/01\/DSC00937-1536x1152.jpg 1536w, https:\/\/marzuchowska.com\/wp-content\/uploads\/2021\/01\/DSC00937-2048x1536.jpg 2048w\" sizes=\"(max-width: 1024px) 100vw, 1024px\" \/>\t\t\t\t\t\t\t\t\t\t\t\t\t\t<\/div>\n\t\t\t\t\t\t<\/div>\n\t\t\t\t<\/div>\n\t\t\t\t\t\t<\/div>\n\t\t\t\t\t<\/div>\n\t\t<\/div>\n\t\t\t\t\t\t\t\t<\/div>\n\t\t\t\t\t<\/div>\n\t\t<\/section>\n\t\t\t\t\t\t\t\t\t<\/div>\n\t\t\t<\/div>\n\t\t\t\t\t<\/div>\n\t\t","protected":false},"excerpt":{"rendered":"<p>ROZPOZNANIE UWARUNKOWA\u0143 DLA KONCEPCJI EKSPERYMENTALNYCH OBSZAR\u00d3W ZIELONYCH W RAMACH PROJEKTU NAUKOWO-BADAWCZEGO \u201aGROW GREEN&#8217; Lokalizacja: osiedle O\u0142bin, Wroc\u0142aw Autorzy:&nbsp; Monika Marzuchowska, Maciej Motas (arborysta.com) Opracowanie na zlecenie: PHU Dwornicza s.c. Rok: 2018 Przedmiotem opracowania s\u0105 studia przedprojektowe dla fragmentu osiedla O\u0142bin we Wroc\u0142awiu obejmuj\u0105cego w szczeg\u00f3lno\u015bci ulic\u0119 Daszy\u0144skiego i znajduj\u0105cych si\u0119 w jej pobli\u017cu 7 obszar\u00f3w, &hellip;<\/p>\n<p class=\"read-more\"> <a class=\"\" href=\"https:\/\/marzuchowska.com\/?page_id=3040\"> <span class=\"screen-reader-text\">Grow Green, Studium nt. poprawy warunk\u00f3w siedliskowych drzew<\/span> Read More &raquo;<\/a><\/p>\n","protected":false},"author":2,"featured_media":0,"parent":2203,"menu_order":0,"comment_status":"closed","ping_status":"closed","template":"","meta":{"_uag_custom_page_level_css":"","_vp_format_video_url":"","_vp_image_focal_point":[],"_links_to":"","_links_to_target":""},"uagb_featured_image_src":{"full":false,"thumbnail":false,"medium":false,"medium_large":false,"large":false,"1536x1536":false,"2048x2048":false,"vp_sm":false,"vp_md":false,"vp_lg":false,"vp_xl":false,"vp_sm_popup":false,"vp_md_popup":false,"vp_xl_popup":false},"uagb_author_info":{"display_name":"monika","author_link":"https:\/\/marzuchowska.com\/?author=2"},"uagb_comment_info":0,"uagb_excerpt":"ROZPOZNANIE UWARUNKOWA\u0143 DLA KONCEPCJI EKSPERYMENTALNYCH OBSZAR\u00d3W ZIELONYCH W RAMACH PROJEKTU NAUKOWO-BADAWCZEGO \u201aGROW GREEN&#8217; Lokalizacja: osiedle O\u0142bin, Wroc\u0142aw Autorzy:&nbsp; Monika Marzuchowska, Maciej Motas (arborysta.com) Opracowanie na zlecenie: PHU Dwornicza s.c. Rok: 2018 Przedmiotem opracowania s\u0105 studia przedprojektowe dla fragmentu osiedla O\u0142bin we Wroc\u0142awiu obejmuj\u0105cego w szczeg\u00f3lno\u015bci ulic\u0119 Daszy\u0144skiego i znajduj\u0105cych si\u0119 w jej pobli\u017cu 7 obszar\u00f3w,&hellip;","_links":{"self":[{"href":"https:\/\/marzuchowska.com\/index.php?rest_route=\/wp\/v2\/pages\/3040"}],"collection":[{"href":"https:\/\/marzuchowska.com\/index.php?rest_route=\/wp\/v2\/pages"}],"about":[{"href":"https:\/\/marzuchowska.com\/index.php?rest_route=\/wp\/v2\/types\/page"}],"author":[{"embeddable":true,"href":"https:\/\/marzuchowska.com\/index.php?rest_route=\/wp\/v2\/users\/2"}],"replies":[{"embeddable":true,"href":"https:\/\/marzuchowska.com\/index.php?rest_route=%2Fwp%2Fv2%2Fcomments&post=3040"}],"version-history":[{"count":21,"href":"https:\/\/marzuchowska.com\/index.php?rest_route=\/wp\/v2\/pages\/3040\/revisions"}],"predecessor-version":[{"id":3086,"href":"https:\/\/marzuchowska.com\/index.php?rest_route=\/wp\/v2\/pages\/3040\/revisions\/3086"}],"up":[{"embeddable":true,"href":"https:\/\/marzuchowska.com\/index.php?rest_route=\/wp\/v2\/pages\/2203"}],"wp:attachment":[{"href":"https:\/\/marzuchowska.com\/index.php?rest_route=%2Fwp%2Fv2%2Fmedia&parent=3040"}],"curies":[{"name":"wp","href":"https:\/\/api.w.org\/{rel}","templated":true}]}}