{"id":3358,"date":"2021-01-15T06:56:00","date_gmt":"2021-01-15T06:56:00","guid":{"rendered":"https:\/\/marzuchowska.com\/?page_id=3358"},"modified":"2021-01-15T07:13:00","modified_gmt":"2021-01-15T07:13:00","slug":"ekspertyza-sosny-wejmutki-park-w-pokoju","status":"publish","type":"page","link":"https:\/\/marzuchowska.com\/?page_id=3358","title":{"rendered":"eKSPERTYZA SOSNY WEJMUTKI, PARK W POKOJU"},"content":{"rendered":"\t\t<div data-elementor-type=\"wp-page\" data-elementor-id=\"3358\" class=\"elementor elementor-3358\">\n\t\t\t\t\t\t<div class=\"elementor-inner\">\n\t\t\t\t<div class=\"elementor-section-wrap\">\n\t\t\t\t\t\t\t\t\t<section class=\"elementor-section elementor-top-section elementor-element elementor-element-7d8ffda9 elementor-section-full_width elementor-section-height-default elementor-section-height-default\" data-id=\"7d8ffda9\" data-element_type=\"section\">\n\t\t\t\t\t\t<div class=\"elementor-container elementor-column-gap-no\">\n\t\t\t\t\t\t\t<div class=\"elementor-row\">\n\t\t\t\t\t<div class=\"elementor-column elementor-col-100 elementor-top-column elementor-element elementor-element-561f4c1a\" data-id=\"561f4c1a\" data-element_type=\"column\">\n\t\t\t<div class=\"elementor-column-wrap elementor-element-populated\">\n\t\t\t\t\t\t\t<div class=\"elementor-widget-wrap\">\n\t\t\t\t\t\t<div class=\"elementor-element elementor-element-446e183a elementor-widget elementor-widget-image\" data-id=\"446e183a\" data-element_type=\"widget\" data-widget_type=\"image.default\">\n\t\t\t\t<div class=\"elementor-widget-container\">\n\t\t\t\t\t\t\t\t<div class=\"elementor-image\">\n\t\t\t\t\t\t\t\t\t\t\t\t<img width=\"1024\" height=\"553\" src=\"https:\/\/marzuchowska.com\/wp-content\/uploads\/2021\/01\/BANER-1024x553.jpg\" class=\"attachment-large size-large wp-image-3360\" alt=\"\" loading=\"lazy\" srcset=\"https:\/\/marzuchowska.com\/wp-content\/uploads\/2021\/01\/BANER-1024x553.jpg 1024w, https:\/\/marzuchowska.com\/wp-content\/uploads\/2021\/01\/BANER-300x162.jpg 300w, https:\/\/marzuchowska.com\/wp-content\/uploads\/2021\/01\/BANER-768x414.jpg 768w, https:\/\/marzuchowska.com\/wp-content\/uploads\/2021\/01\/BANER-500x270.jpg 500w, https:\/\/marzuchowska.com\/wp-content\/uploads\/2021\/01\/BANER-800x432.jpg 800w, https:\/\/marzuchowska.com\/wp-content\/uploads\/2021\/01\/BANER-1280x691.jpg 1280w, https:\/\/marzuchowska.com\/wp-content\/uploads\/2021\/01\/BANER-1920x1036.jpg 1920w, https:\/\/marzuchowska.com\/wp-content\/uploads\/2021\/01\/BANER-1536x829.jpg 1536w, https:\/\/marzuchowska.com\/wp-content\/uploads\/2021\/01\/BANER-2048x1105.jpg 2048w\" sizes=\"(max-width: 1024px) 100vw, 1024px\" \/>\t\t\t\t\t\t\t\t\t\t\t\t\t\t<\/div>\n\t\t\t\t\t\t<\/div>\n\t\t\t\t<\/div>\n\t\t\t\t\t\t<\/div>\n\t\t\t\t\t<\/div>\n\t\t<\/div>\n\t\t\t\t\t\t\t\t<\/div>\n\t\t\t\t\t<\/div>\n\t\t<\/section>\n\t\t\t\t<section class=\"elementor-section elementor-top-section elementor-element elementor-element-60faedf4 elementor-section-boxed elementor-section-height-default elementor-section-height-default\" data-id=\"60faedf4\" data-element_type=\"section\">\n\t\t\t\t\t\t<div class=\"elementor-container elementor-column-gap-no\">\n\t\t\t\t\t\t\t<div class=\"elementor-row\">\n\t\t\t\t\t<div class=\"elementor-column elementor-col-100 elementor-top-column elementor-element elementor-element-675eaa97\" data-id=\"675eaa97\" data-element_type=\"column\">\n\t\t\t<div class=\"elementor-column-wrap elementor-element-populated\">\n\t\t\t\t\t\t\t<div class=\"elementor-widget-wrap\">\n\t\t\t\t\t\t<div class=\"elementor-element elementor-element-56cc00c3 elementor-widget elementor-widget-text-editor\" data-id=\"56cc00c3\" data-element_type=\"widget\" data-widget_type=\"text-editor.default\">\n\t\t\t\t<div class=\"elementor-widget-container\">\n\t\t\t\t\t\t\t\t<div class=\"elementor-text-editor elementor-clearfix\">\n\t\t\t\t<h4><span class=\"fontstyle0\">EKSPERTYZA DENDROLOGICZNA <\/span><span class=\"fontstyle2\">SOSNY WEJMUTKI <\/span><span class=\"fontstyle2\">ZLOKALIZOWANEJ W ZABYTKOWYM ZA\u0141O\u017bENIU PARKOWYM W POKOJU<\/span><\/h4>\t\t\t\t\t<\/div>\n\t\t\t\t\t\t<\/div>\n\t\t\t\t<\/div>\n\t\t\t\t\t\t<\/div>\n\t\t\t\t\t<\/div>\n\t\t<\/div>\n\t\t\t\t\t\t\t\t<\/div>\n\t\t\t\t\t<\/div>\n\t\t<\/section>\n\t\t\t\t<section class=\"elementor-section elementor-top-section elementor-element elementor-element-29cce36 elementor-section-boxed elementor-section-height-default elementor-section-height-default\" data-id=\"29cce36\" data-element_type=\"section\">\n\t\t\t\t\t\t<div class=\"elementor-container elementor-column-gap-no\">\n\t\t\t\t\t\t\t<div class=\"elementor-row\">\n\t\t\t\t\t<div class=\"elementor-column elementor-col-33 elementor-top-column elementor-element elementor-element-7e458dfa\" data-id=\"7e458dfa\" data-element_type=\"column\">\n\t\t\t<div class=\"elementor-column-wrap elementor-element-populated\">\n\t\t\t\t\t\t\t<div class=\"elementor-widget-wrap\">\n\t\t\t\t\t\t<div class=\"elementor-element elementor-element-2bae9232 elementor-widget elementor-widget-text-editor\" data-id=\"2bae9232\" data-element_type=\"widget\" data-widget_type=\"text-editor.default\">\n\t\t\t\t<div class=\"elementor-widget-container\">\n\t\t\t\t\t\t\t\t<div class=\"elementor-text-editor elementor-clearfix\">\n\t\t\t\t<p><strong>Lokalizacja:<\/strong> Park w Pokoju (woj. opolskie)<br \/><strong>Autorzy:<\/strong>\u00a0<span style=\"font-size: 16px; font-style: normal; font-weight: 300;\"> Monika Marzuchowska, Maciej Motas (arborysta.com), Joanna Lewandowska\u00a0<\/span><br \/><strong>Rok: <\/strong>2018<\/p>\t\t\t\t\t<\/div>\n\t\t\t\t\t\t<\/div>\n\t\t\t\t<\/div>\n\t\t\t\t<div class=\"elementor-element elementor-element-16a1c40 elementor-widget-divider--view-line elementor-widget elementor-widget-divider\" data-id=\"16a1c40\" data-element_type=\"widget\" data-widget_type=\"divider.default\">\n\t\t\t\t<div class=\"elementor-widget-container\">\n\t\t\t\t\t<div class=\"elementor-divider\">\n\t\t\t<span class=\"elementor-divider-separator\">\n\t\t\t\t\t\t<\/span>\n\t\t<\/div>\n\t\t\t\t<\/div>\n\t\t\t\t<\/div>\n\t\t\t\t<div class=\"elementor-element elementor-element-12bf6b70 elementor-widget elementor-widget-text-editor\" data-id=\"12bf6b70\" data-element_type=\"widget\" data-widget_type=\"text-editor.default\">\n\t\t\t\t<div class=\"elementor-widget-container\">\n\t\t\t\t\t\t\t\t<div class=\"elementor-text-editor elementor-clearfix\">\n\t\t\t\t<p style=\"font-size: 16px; font-style: normal; font-weight: 300;\">Ekspertyza <span class=\"fontstyle0\">dotyczy pomnika przyrody &#8211; <strong>sosny wejmutki<\/strong> zlokalizowanej<br \/>w zabytkowym za\u0142o\u017ceniu parkowym w Pokoju.<\/span><\/p><p><span class=\"fontstyle0\">Zakres ekspertyzy obejmuje: ocen\u0119 stanu zdrowotnego, stabilno\u015bci drzewa, ocen\u0119 stopnia zagro\u017cenia ludzi i mienia w najbli\u017cszym otoczeniu oraz zalecenia.<\/span> <\/p>\t\t\t\t\t<\/div>\n\t\t\t\t\t\t<\/div>\n\t\t\t\t<\/div>\n\t\t\t\t\t\t<\/div>\n\t\t\t\t\t<\/div>\n\t\t<\/div>\n\t\t\t\t<div class=\"elementor-column elementor-col-33 elementor-top-column elementor-element elementor-element-7d8efb60\" data-id=\"7d8efb60\" data-element_type=\"column\">\n\t\t\t<div class=\"elementor-column-wrap\">\n\t\t\t\t\t\t\t<div class=\"elementor-widget-wrap\">\n\t\t\t\t\t\t\t\t<\/div>\n\t\t\t\t\t<\/div>\n\t\t<\/div>\n\t\t\t\t<div class=\"elementor-column elementor-col-33 elementor-top-column elementor-element elementor-element-1b1f4dfc\" data-id=\"1b1f4dfc\" data-element_type=\"column\">\n\t\t\t<div class=\"elementor-column-wrap elementor-element-populated\">\n\t\t\t\t\t\t\t<div class=\"elementor-widget-wrap\">\n\t\t\t\t\t\t<div class=\"elementor-element elementor-element-13c49ddc elementor-widget elementor-widget-spacer\" data-id=\"13c49ddc\" data-element_type=\"widget\" data-widget_type=\"spacer.default\">\n\t\t\t\t<div class=\"elementor-widget-container\">\n\t\t\t\t\t<div class=\"elementor-spacer\">\n\t\t\t<div class=\"elementor-spacer-inner\"><\/div>\n\t\t<\/div>\n\t\t\t\t<\/div>\n\t\t\t\t<\/div>\n\t\t\t\t<div class=\"elementor-element elementor-element-2e456f85 elementor-widget elementor-widget-text-editor\" data-id=\"2e456f85\" data-element_type=\"widget\" data-widget_type=\"text-editor.default\">\n\t\t\t\t<div class=\"elementor-widget-container\">\n\t\t\t\t\t\t\t\t<div class=\"elementor-text-editor elementor-clearfix\">\n\t\t\t\t<p>W sk\u0142ad oceny drzewa wchodzi podstawowa diagnostyka drzewa bazuj\u0105ca na metodzie <strong>VTA\u00a0<\/strong><span class=\"fontstyle0\"><strong>(Visual Tree Assessement)<\/strong> powszechnie wykorzystywanej m.in. w Europie i USA. Ponadto dla wybranych drzew przeprowadzono nieinwazyjne<br \/>specjalistyczne badanie stanu zachowania pnia, wykonanego przy<br \/>pomocy tomografu impulsowego ARBOTOM\u2122<\/span>\u00a0<\/p>\t\t\t\t\t<\/div>\n\t\t\t\t\t\t<\/div>\n\t\t\t\t<\/div>\n\t\t\t\t\t\t<\/div>\n\t\t\t\t\t<\/div>\n\t\t<\/div>\n\t\t\t\t\t\t\t\t<\/div>\n\t\t\t\t\t<\/div>\n\t\t<\/section>\n\t\t\t\t<section class=\"elementor-section elementor-top-section elementor-element elementor-element-6021c35d elementor-section-boxed elementor-section-height-default elementor-section-height-default\" data-id=\"6021c35d\" data-element_type=\"section\">\n\t\t\t\t\t\t<div class=\"elementor-container elementor-column-gap-no\">\n\t\t\t\t\t\t\t<div class=\"elementor-row\">\n\t\t\t\t\t<div class=\"elementor-column elementor-col-33 elementor-top-column elementor-element elementor-element-57f1fe70\" data-id=\"57f1fe70\" data-element_type=\"column\" data-settings=\"{&quot;background_background&quot;:&quot;classic&quot;}\">\n\t\t\t<div class=\"elementor-column-wrap elementor-element-populated\">\n\t\t\t\t\t\t\t<div class=\"elementor-widget-wrap\">\n\t\t\t\t\t\t<div class=\"elementor-element elementor-element-cdbe61e elementor-widget elementor-widget-image\" data-id=\"cdbe61e\" data-element_type=\"widget\" data-widget_type=\"image.default\">\n\t\t\t\t<div class=\"elementor-widget-container\">\n\t\t\t\t\t\t\t\t<div class=\"elementor-image\">\n\t\t\t\t\t\t\t\t\t\t\t\t<img width=\"768\" height=\"1024\" src=\"https:\/\/marzuchowska.com\/wp-content\/uploads\/2021\/01\/1-1-768x1024.jpg\" class=\"attachment-large size-large wp-image-3376\" alt=\"\" loading=\"lazy\" srcset=\"https:\/\/marzuchowska.com\/wp-content\/uploads\/2021\/01\/1-1-768x1024.jpg 768w, https:\/\/marzuchowska.com\/wp-content\/uploads\/2021\/01\/1-1-225x300.jpg 225w, https:\/\/marzuchowska.com\/wp-content\/uploads\/2021\/01\/1-1-500x667.jpg 500w, https:\/\/marzuchowska.com\/wp-content\/uploads\/2021\/01\/1-1-800x1067.jpg 800w, https:\/\/marzuchowska.com\/wp-content\/uploads\/2021\/01\/1-1-1280x1707.jpg 1280w, https:\/\/marzuchowska.com\/wp-content\/uploads\/2021\/01\/1-1-scaled.jpg 1920w, https:\/\/marzuchowska.com\/wp-content\/uploads\/2021\/01\/1-1-1152x1536.jpg 1152w, https:\/\/marzuchowska.com\/wp-content\/uploads\/2021\/01\/1-1-1536x2048.jpg 1536w\" sizes=\"(max-width: 768px) 100vw, 768px\" \/>\t\t\t\t\t\t\t\t\t\t\t\t\t\t<\/div>\n\t\t\t\t\t\t<\/div>\n\t\t\t\t<\/div>\n\t\t\t\t\t\t<\/div>\n\t\t\t\t\t<\/div>\n\t\t<\/div>\n\t\t\t\t<div class=\"elementor-column elementor-col-33 elementor-top-column elementor-element elementor-element-4c702743\" data-id=\"4c702743\" data-element_type=\"column\">\n\t\t\t<div class=\"elementor-column-wrap\">\n\t\t\t\t\t\t\t<div class=\"elementor-widget-wrap\">\n\t\t\t\t\t\t\t\t<\/div>\n\t\t\t\t\t<\/div>\n\t\t<\/div>\n\t\t\t\t<div class=\"elementor-column elementor-col-33 elementor-top-column elementor-element elementor-element-252b9208\" data-id=\"252b9208\" data-element_type=\"column\">\n\t\t\t<div class=\"elementor-column-wrap elementor-element-populated\">\n\t\t\t\t\t\t\t<div class=\"elementor-widget-wrap\">\n\t\t\t\t\t\t<div class=\"elementor-element elementor-element-49bca016 elementor-widget elementor-widget-image\" data-id=\"49bca016\" data-element_type=\"widget\" data-widget_type=\"image.default\">\n\t\t\t\t<div class=\"elementor-widget-container\">\n\t\t\t\t\t\t\t\t<div class=\"elementor-image\">\n\t\t\t\t\t\t\t\t\t\t\t\t<img width=\"773\" height=\"1024\" src=\"https:\/\/marzuchowska.com\/wp-content\/uploads\/2021\/01\/2-3-773x1024.jpg\" class=\"attachment-large size-large wp-image-3379\" alt=\"\" loading=\"lazy\" srcset=\"https:\/\/marzuchowska.com\/wp-content\/uploads\/2021\/01\/2-3-773x1024.jpg 773w, https:\/\/marzuchowska.com\/wp-content\/uploads\/2021\/01\/2-3-227x300.jpg 227w, https:\/\/marzuchowska.com\/wp-content\/uploads\/2021\/01\/2-3-768x1017.jpg 768w, https:\/\/marzuchowska.com\/wp-content\/uploads\/2021\/01\/2-3-500x662.jpg 500w, https:\/\/marzuchowska.com\/wp-content\/uploads\/2021\/01\/2-3-800x1060.jpg 800w, https:\/\/marzuchowska.com\/wp-content\/uploads\/2021\/01\/2-3-1280x1695.jpg 1280w, https:\/\/marzuchowska.com\/wp-content\/uploads\/2021\/01\/2-3-1920x2543.jpg 1920w, https:\/\/marzuchowska.com\/wp-content\/uploads\/2021\/01\/2-3-1160x1536.jpg 1160w, https:\/\/marzuchowska.com\/wp-content\/uploads\/2021\/01\/2-3-1546x2048.jpg 1546w, https:\/\/marzuchowska.com\/wp-content\/uploads\/2021\/01\/2-3-scaled.jpg 1933w\" sizes=\"(max-width: 773px) 100vw, 773px\" \/>\t\t\t\t\t\t\t\t\t\t\t\t\t\t<\/div>\n\t\t\t\t\t\t<\/div>\n\t\t\t\t<\/div>\n\t\t\t\t\t\t<\/div>\n\t\t\t\t\t<\/div>\n\t\t<\/div>\n\t\t\t\t\t\t\t\t<\/div>\n\t\t\t\t\t<\/div>\n\t\t<\/section>\n\t\t\t\t<section class=\"elementor-section elementor-top-section elementor-element elementor-element-1a1742c elementor-section-boxed elementor-section-height-default elementor-section-height-default\" data-id=\"1a1742c\" data-element_type=\"section\">\n\t\t\t\t\t\t<div class=\"elementor-container elementor-column-gap-default\">\n\t\t\t\t\t\t\t<div class=\"elementor-row\">\n\t\t\t\t\t<div class=\"elementor-column elementor-col-100 elementor-top-column elementor-element elementor-element-641fbad\" data-id=\"641fbad\" data-element_type=\"column\">\n\t\t\t<div class=\"elementor-column-wrap elementor-element-populated\">\n\t\t\t\t\t\t\t<div class=\"elementor-widget-wrap\">\n\t\t\t\t\t\t<div class=\"elementor-element elementor-element-8df4b3e elementor-widget elementor-widget-spacer\" data-id=\"8df4b3e\" data-element_type=\"widget\" data-widget_type=\"spacer.default\">\n\t\t\t\t<div class=\"elementor-widget-container\">\n\t\t\t\t\t<div class=\"elementor-spacer\">\n\t\t\t<div class=\"elementor-spacer-inner\"><\/div>\n\t\t<\/div>\n\t\t\t\t<\/div>\n\t\t\t\t<\/div>\n\t\t\t\t\t\t<\/div>\n\t\t\t\t\t<\/div>\n\t\t<\/div>\n\t\t\t\t\t\t\t\t<\/div>\n\t\t\t\t\t<\/div>\n\t\t<\/section>\n\t\t\t\t<section class=\"elementor-section elementor-top-section elementor-element elementor-element-62a57ac1 elementor-section-boxed elementor-section-height-default elementor-section-height-default\" data-id=\"62a57ac1\" data-element_type=\"section\">\n\t\t\t\t\t\t<div class=\"elementor-container elementor-column-gap-no\">\n\t\t\t\t\t\t\t<div class=\"elementor-row\">\n\t\t\t\t\t<div class=\"elementor-column elementor-col-33 elementor-top-column elementor-element elementor-element-6cd99b9c\" data-id=\"6cd99b9c\" data-element_type=\"column\" data-settings=\"{&quot;background_background&quot;:&quot;classic&quot;}\">\n\t\t\t<div class=\"elementor-column-wrap elementor-element-populated\">\n\t\t\t\t\t\t\t<div class=\"elementor-widget-wrap\">\n\t\t\t\t\t\t<div class=\"elementor-element elementor-element-12fffcce elementor-widget elementor-widget-image\" data-id=\"12fffcce\" data-element_type=\"widget\" data-widget_type=\"image.default\">\n\t\t\t\t<div class=\"elementor-widget-container\">\n\t\t\t\t\t\t\t\t<div class=\"elementor-image\">\n\t\t\t\t\t\t\t\t\t\t\t\t<img width=\"768\" height=\"1024\" src=\"https:\/\/marzuchowska.com\/wp-content\/uploads\/2021\/01\/3-1-768x1024.jpg\" class=\"attachment-large size-large wp-image-3380\" alt=\"\" loading=\"lazy\" srcset=\"https:\/\/marzuchowska.com\/wp-content\/uploads\/2021\/01\/3-1-768x1024.jpg 768w, https:\/\/marzuchowska.com\/wp-content\/uploads\/2021\/01\/3-1-225x300.jpg 225w, https:\/\/marzuchowska.com\/wp-content\/uploads\/2021\/01\/3-1-500x667.jpg 500w, https:\/\/marzuchowska.com\/wp-content\/uploads\/2021\/01\/3-1-800x1067.jpg 800w, https:\/\/marzuchowska.com\/wp-content\/uploads\/2021\/01\/3-1-1280x1707.jpg 1280w, https:\/\/marzuchowska.com\/wp-content\/uploads\/2021\/01\/3-1-scaled.jpg 1920w, https:\/\/marzuchowska.com\/wp-content\/uploads\/2021\/01\/3-1-1152x1536.jpg 1152w, https:\/\/marzuchowska.com\/wp-content\/uploads\/2021\/01\/3-1-1536x2048.jpg 1536w\" sizes=\"(max-width: 768px) 100vw, 768px\" \/>\t\t\t\t\t\t\t\t\t\t\t\t\t\t<\/div>\n\t\t\t\t\t\t<\/div>\n\t\t\t\t<\/div>\n\t\t\t\t\t\t<\/div>\n\t\t\t\t\t<\/div>\n\t\t<\/div>\n\t\t\t\t<div class=\"elementor-column elementor-col-33 elementor-top-column elementor-element elementor-element-7c04b9df\" data-id=\"7c04b9df\" data-element_type=\"column\">\n\t\t\t<div class=\"elementor-column-wrap\">\n\t\t\t\t\t\t\t<div class=\"elementor-widget-wrap\">\n\t\t\t\t\t\t\t\t<\/div>\n\t\t\t\t\t<\/div>\n\t\t<\/div>\n\t\t\t\t<div class=\"elementor-column elementor-col-33 elementor-top-column elementor-element elementor-element-2efc0205\" data-id=\"2efc0205\" data-element_type=\"column\">\n\t\t\t<div class=\"elementor-column-wrap elementor-element-populated\">\n\t\t\t\t\t\t\t<div class=\"elementor-widget-wrap\">\n\t\t\t\t\t\t<div class=\"elementor-element elementor-element-2c5ddc6a elementor-widget elementor-widget-image\" data-id=\"2c5ddc6a\" data-element_type=\"widget\" data-widget_type=\"image.default\">\n\t\t\t\t<div class=\"elementor-widget-container\">\n\t\t\t\t\t\t\t\t<div class=\"elementor-image\">\n\t\t\t\t\t\t\t\t\t\t\t\t<img width=\"761\" height=\"1024\" src=\"https:\/\/marzuchowska.com\/wp-content\/uploads\/2021\/01\/4-3-761x1024.jpg\" class=\"attachment-large size-large wp-image-3382\" alt=\"\" loading=\"lazy\" srcset=\"https:\/\/marzuchowska.com\/wp-content\/uploads\/2021\/01\/4-3-761x1024.jpg 761w, https:\/\/marzuchowska.com\/wp-content\/uploads\/2021\/01\/4-3-223x300.jpg 223w, https:\/\/marzuchowska.com\/wp-content\/uploads\/2021\/01\/4-3-768x1033.jpg 768w, https:\/\/marzuchowska.com\/wp-content\/uploads\/2021\/01\/4-3-500x673.jpg 500w, https:\/\/marzuchowska.com\/wp-content\/uploads\/2021\/01\/4-3-800x1076.jpg 800w, https:\/\/marzuchowska.com\/wp-content\/uploads\/2021\/01\/4-3-1280x1722.jpg 1280w, https:\/\/marzuchowska.com\/wp-content\/uploads\/2021\/01\/4-3-1920x2583.jpg 1920w, https:\/\/marzuchowska.com\/wp-content\/uploads\/2021\/01\/4-3-1142x1536.jpg 1142w, https:\/\/marzuchowska.com\/wp-content\/uploads\/2021\/01\/4-3-1522x2048.jpg 1522w, https:\/\/marzuchowska.com\/wp-content\/uploads\/2021\/01\/4-3-scaled.jpg 1903w\" sizes=\"(max-width: 761px) 100vw, 761px\" \/>\t\t\t\t\t\t\t\t\t\t\t\t\t\t<\/div>\n\t\t\t\t\t\t<\/div>\n\t\t\t\t<\/div>\n\t\t\t\t\t\t<\/div>\n\t\t\t\t\t<\/div>\n\t\t<\/div>\n\t\t\t\t\t\t\t\t<\/div>\n\t\t\t\t\t<\/div>\n\t\t<\/section>\n\t\t\t\t\t\t\t\t\t<\/div>\n\t\t\t<\/div>\n\t\t\t\t\t<\/div>\n\t\t","protected":false},"excerpt":{"rendered":"<p>EKSPERTYZA DENDROLOGICZNA SOSNY WEJMUTKI ZLOKALIZOWANEJ W ZABYTKOWYM ZA\u0141O\u017bENIU PARKOWYM W POKOJU Lokalizacja: Park w Pokoju (woj. opolskie)Autorzy:\u00a0 Monika Marzuchowska, Maciej Motas (arborysta.com), Joanna Lewandowska\u00a0Rok: 2018 Ekspertyza dotyczy pomnika przyrody &#8211; sosny wejmutki zlokalizowanejw zabytkowym za\u0142o\u017ceniu parkowym w Pokoju. Zakres ekspertyzy obejmuje: ocen\u0119 stanu zdrowotnego, stabilno\u015bci drzewa, ocen\u0119 stopnia zagro\u017cenia ludzi i mienia w najbli\u017cszym otoczeniu &hellip;<\/p>\n<p class=\"read-more\"> <a class=\"\" href=\"https:\/\/marzuchowska.com\/?page_id=3358\"> <span class=\"screen-reader-text\">eKSPERTYZA SOSNY WEJMUTKI, PARK W POKOJU<\/span> Read More &raquo;<\/a><\/p>\n","protected":false},"author":2,"featured_media":0,"parent":2203,"menu_order":0,"comment_status":"closed","ping_status":"closed","template":"","meta":{"_uag_custom_page_level_css":"","_vp_format_video_url":"","_vp_image_focal_point":[],"_links_to":"","_links_to_target":""},"uagb_featured_image_src":{"full":false,"thumbnail":false,"medium":false,"medium_large":false,"large":false,"1536x1536":false,"2048x2048":false,"vp_sm":false,"vp_md":false,"vp_lg":false,"vp_xl":false,"vp_sm_popup":false,"vp_md_popup":false,"vp_xl_popup":false},"uagb_author_info":{"display_name":"monika","author_link":"https:\/\/marzuchowska.com\/?author=2"},"uagb_comment_info":0,"uagb_excerpt":"EKSPERTYZA DENDROLOGICZNA SOSNY WEJMUTKI ZLOKALIZOWANEJ W ZABYTKOWYM ZA\u0141O\u017bENIU PARKOWYM W POKOJU Lokalizacja: Park w Pokoju (woj. opolskie)Autorzy:\u00a0 Monika Marzuchowska, Maciej Motas (arborysta.com), Joanna Lewandowska\u00a0Rok: 2018 Ekspertyza dotyczy pomnika przyrody &#8211; sosny wejmutki zlokalizowanejw zabytkowym za\u0142o\u017ceniu parkowym w Pokoju. Zakres ekspertyzy obejmuje: ocen\u0119 stanu zdrowotnego, stabilno\u015bci drzewa, ocen\u0119 stopnia zagro\u017cenia ludzi i mienia w najbli\u017cszym otoczeniu&hellip;","_links":{"self":[{"href":"https:\/\/marzuchowska.com\/index.php?rest_route=\/wp\/v2\/pages\/3358"}],"collection":[{"href":"https:\/\/marzuchowska.com\/index.php?rest_route=\/wp\/v2\/pages"}],"about":[{"href":"https:\/\/marzuchowska.com\/index.php?rest_route=\/wp\/v2\/types\/page"}],"author":[{"embeddable":true,"href":"https:\/\/marzuchowska.com\/index.php?rest_route=\/wp\/v2\/users\/2"}],"replies":[{"embeddable":true,"href":"https:\/\/marzuchowska.com\/index.php?rest_route=%2Fwp%2Fv2%2Fcomments&post=3358"}],"version-history":[{"count":16,"href":"https:\/\/marzuchowska.com\/index.php?rest_route=\/wp\/v2\/pages\/3358\/revisions"}],"predecessor-version":[{"id":3385,"href":"https:\/\/marzuchowska.com\/index.php?rest_route=\/wp\/v2\/pages\/3358\/revisions\/3385"}],"up":[{"embeddable":true,"href":"https:\/\/marzuchowska.com\/index.php?rest_route=\/wp\/v2\/pages\/2203"}],"wp:attachment":[{"href":"https:\/\/marzuchowska.com\/index.php?rest_route=%2Fwp%2Fv2%2Fmedia&parent=3358"}],"curies":[{"name":"wp","href":"https:\/\/api.w.org\/{rel}","templated":true}]}}