{"id":3387,"date":"2021-01-16T06:15:55","date_gmt":"2021-01-16T06:15:55","guid":{"rendered":"https:\/\/marzuchowska.com\/?page_id=3387"},"modified":"2021-01-16T07:07:51","modified_gmt":"2021-01-16T07:07:51","slug":"ekspertyza-dendrologiczna-debu-bartus-pn-bory-tucholskie","status":"publish","type":"page","link":"https:\/\/marzuchowska.com\/?page_id=3387","title":{"rendered":"Ekspertyza dendrologiczna d\u0119bu Bartu\u015b, PN Bory Tucholskie"},"content":{"rendered":"\t\t<div data-elementor-type=\"wp-page\" data-elementor-id=\"3387\" class=\"elementor elementor-3387\">\n\t\t\t\t\t\t<div class=\"elementor-inner\">\n\t\t\t\t<div class=\"elementor-section-wrap\">\n\t\t\t\t\t\t\t\t\t<section class=\"elementor-section elementor-top-section elementor-element elementor-element-75a661b6 elementor-section-full_width elementor-section-height-default elementor-section-height-default\" data-id=\"75a661b6\" data-element_type=\"section\">\n\t\t\t\t\t\t<div class=\"elementor-container elementor-column-gap-no\">\n\t\t\t\t\t\t\t<div class=\"elementor-row\">\n\t\t\t\t\t<div class=\"elementor-column elementor-col-100 elementor-top-column elementor-element elementor-element-66f9ae27\" data-id=\"66f9ae27\" data-element_type=\"column\">\n\t\t\t<div class=\"elementor-column-wrap elementor-element-populated\">\n\t\t\t\t\t\t\t<div class=\"elementor-widget-wrap\">\n\t\t\t\t\t\t<div class=\"elementor-element elementor-element-66269630 elementor-widget elementor-widget-image\" data-id=\"66269630\" data-element_type=\"widget\" data-widget_type=\"image.default\">\n\t\t\t\t<div class=\"elementor-widget-container\">\n\t\t\t\t\t\t\t\t<div class=\"elementor-image\">\n\t\t\t\t\t\t\t\t\t\t\t\t<img width=\"1024\" height=\"474\" src=\"https:\/\/marzuchowska.com\/wp-content\/uploads\/2021\/01\/baner-1-1024x474.jpg\" class=\"attachment-large size-large wp-image-3389\" alt=\"\" loading=\"lazy\" srcset=\"https:\/\/marzuchowska.com\/wp-content\/uploads\/2021\/01\/baner-1-1024x474.jpg 1024w, https:\/\/marzuchowska.com\/wp-content\/uploads\/2021\/01\/baner-1-300x139.jpg 300w, https:\/\/marzuchowska.com\/wp-content\/uploads\/2021\/01\/baner-1-768x355.jpg 768w, https:\/\/marzuchowska.com\/wp-content\/uploads\/2021\/01\/baner-1-500x231.jpg 500w, https:\/\/marzuchowska.com\/wp-content\/uploads\/2021\/01\/baner-1-800x370.jpg 800w, https:\/\/marzuchowska.com\/wp-content\/uploads\/2021\/01\/baner-1-1280x592.jpg 1280w, https:\/\/marzuchowska.com\/wp-content\/uploads\/2021\/01\/baner-1-1920x888.jpg 1920w, https:\/\/marzuchowska.com\/wp-content\/uploads\/2021\/01\/baner-1-1536x711.jpg 1536w, https:\/\/marzuchowska.com\/wp-content\/uploads\/2021\/01\/baner-1-2048x948.jpg 2048w\" sizes=\"(max-width: 1024px) 100vw, 1024px\" \/>\t\t\t\t\t\t\t\t\t\t\t\t\t\t<\/div>\n\t\t\t\t\t\t<\/div>\n\t\t\t\t<\/div>\n\t\t\t\t\t\t<\/div>\n\t\t\t\t\t<\/div>\n\t\t<\/div>\n\t\t\t\t\t\t\t\t<\/div>\n\t\t\t\t\t<\/div>\n\t\t<\/section>\n\t\t\t\t<section class=\"elementor-section elementor-top-section elementor-element elementor-element-6be34da2 elementor-section-boxed elementor-section-height-default elementor-section-height-default\" data-id=\"6be34da2\" data-element_type=\"section\">\n\t\t\t\t\t\t<div class=\"elementor-container elementor-column-gap-no\">\n\t\t\t\t\t\t\t<div class=\"elementor-row\">\n\t\t\t\t\t<div class=\"elementor-column elementor-col-100 elementor-top-column elementor-element elementor-element-1852c02d\" data-id=\"1852c02d\" data-element_type=\"column\">\n\t\t\t<div class=\"elementor-column-wrap elementor-element-populated\">\n\t\t\t\t\t\t\t<div class=\"elementor-widget-wrap\">\n\t\t\t\t\t\t<div class=\"elementor-element elementor-element-5d9708c1 elementor-widget elementor-widget-text-editor\" data-id=\"5d9708c1\" data-element_type=\"widget\" data-widget_type=\"text-editor.default\">\n\t\t\t\t<div class=\"elementor-widget-container\">\n\t\t\t\t\t\t\t\t<div class=\"elementor-text-editor elementor-clearfix\">\n\t\t\t\t<h4><strong>\u00a0<span class=\"fontstyle0\">EKSPERTYZA DENDROLOGICZNA <\/span><span class=\"fontstyle2\">POMNIKA PRZYRODY D\u0118BU SZYPU\u0141KOWEGO \u2018BARTU\u015a\u2019 ZLOKALIZOWANEGO NA TERENIE PARKU NARODOWEGO \u201eBORY TUCHOLSKIE\u201d<\/span> <\/strong><\/h4>\t\t\t\t\t<\/div>\n\t\t\t\t\t\t<\/div>\n\t\t\t\t<\/div>\n\t\t\t\t\t\t<\/div>\n\t\t\t\t\t<\/div>\n\t\t<\/div>\n\t\t\t\t\t\t\t\t<\/div>\n\t\t\t\t\t<\/div>\n\t\t<\/section>\n\t\t\t\t<section class=\"elementor-section elementor-top-section elementor-element elementor-element-5bbd7f11 elementor-section-boxed elementor-section-height-default elementor-section-height-default\" data-id=\"5bbd7f11\" data-element_type=\"section\">\n\t\t\t\t\t\t<div class=\"elementor-container elementor-column-gap-no\">\n\t\t\t\t\t\t\t<div class=\"elementor-row\">\n\t\t\t\t\t<div class=\"elementor-column elementor-col-33 elementor-top-column elementor-element elementor-element-2f34c7fa\" data-id=\"2f34c7fa\" data-element_type=\"column\">\n\t\t\t<div class=\"elementor-column-wrap elementor-element-populated\">\n\t\t\t\t\t\t\t<div class=\"elementor-widget-wrap\">\n\t\t\t\t\t\t<div class=\"elementor-element elementor-element-39af9508 elementor-widget elementor-widget-text-editor\" data-id=\"39af9508\" data-element_type=\"widget\" data-widget_type=\"text-editor.default\">\n\t\t\t\t<div class=\"elementor-widget-container\">\n\t\t\t\t\t\t\t\t<div class=\"elementor-text-editor elementor-clearfix\">\n\t\t\t\t<p><strong>Lokalizacja:<\/strong>\u00a0<span style=\"font-size: 16px; font-style: normal; font-weight: 300;\">PN &#8222;Bory Tucholskie&#8221;, powiat: chojnicki, woj. pomorskie<\/span><br \/><strong>Autorzy:<\/strong>\u00a0<span style=\"font-size: 16px; font-style: normal; font-weight: 300;\"> Monika Marzuchowska, Maciej Motas (arborysta.com)<\/span><br \/><strong>Rok: <\/strong>2018<\/p>\t\t\t\t\t<\/div>\n\t\t\t\t\t\t<\/div>\n\t\t\t\t<\/div>\n\t\t\t\t<div class=\"elementor-element elementor-element-56066f62 elementor-widget elementor-widget-text-editor\" data-id=\"56066f62\" data-element_type=\"widget\" data-widget_type=\"text-editor.default\">\n\t\t\t\t<div class=\"elementor-widget-container\">\n\t\t\t\t\t\t\t\t<div class=\"elementor-text-editor elementor-clearfix\">\n\t\t\t\t<p><span class=\"fontstyle0\">Opracowanie dotyczy pomnika przyrody \u2013 <b>d\u0119bu szypu\u0142kowego \u201eBartu\u015b\u201d<\/b><br \/>zlokalizowanego w Parku Narodowym Bory Tucholskie. Zakres ekspertyzy obejmuje: ocen\u0119 stanu zdrowotnego, stabilno\u015bci drzewa, ocen\u0119 stopnia zagro\u017cenia ludzi i mienia w najbli\u017cszym otoczeniu oraz zalecenia.<\/span><\/p><div class=\"elementor-element elementor-element-13c49ddc elementor-widget elementor-widget-spacer\" data-id=\"13c49ddc\" data-element_type=\"widget\" data-widget_type=\"spacer.default\"><div class=\"elementor-widget-container\"><div class=\"elementor-spacer\"><div class=\"elementor-spacer-inner\">W sk\u0142ad oceny drzewa wchodzi podstawowa diagnostyka drzewa bazuj\u0105ca na metodzie\u00a0<strong>VTA\u00a0<\/strong><span class=\"fontstyle0\"><strong>(Visual Tree Assessement)<\/strong> powszechnie wykorzystywanej m.in. w Europie i USA. Ponadto dla wybranych drzew przeprowadzono nieinwazyjne <\/span><span style=\"font-size: 16px;\">specjalistyczne badanie stanu zachowania pnia, wykonanego przy <\/span><span style=\"font-size: 16px;\">pomocy tomografu impulsowego ARBOTOM\u2122<\/span><\/div><\/div><\/div><\/div><p><span class=\"fontstyle0\">\u00a0<\/span><\/p><div class=\"elementor-element elementor-element-13c49ddc elementor-widget elementor-widget-spacer\" data-id=\"13c49ddc\" data-element_type=\"widget\" data-widget_type=\"spacer.default\"><div class=\"elementor-widget-container\"><div class=\"elementor-spacer\"><div class=\"elementor-spacer-inner\">\u00a0<\/div><\/div><\/div><\/div><div class=\"elementor-element elementor-element-2e456f85 elementor-widget elementor-widget-text-editor\" data-id=\"2e456f85\" data-element_type=\"widget\" data-widget_type=\"text-editor.default\"><div class=\"elementor-widget-container\"><div class=\"elementor-text-editor elementor-clearfix\">\u00a0<\/div><\/div><\/div>\t\t\t\t\t<\/div>\n\t\t\t\t\t\t<\/div>\n\t\t\t\t<\/div>\n\t\t\t\t\t\t<\/div>\n\t\t\t\t\t<\/div>\n\t\t<\/div>\n\t\t\t\t<div class=\"elementor-column elementor-col-33 elementor-top-column elementor-element elementor-element-4b6f571f\" data-id=\"4b6f571f\" data-element_type=\"column\">\n\t\t\t<div class=\"elementor-column-wrap\">\n\t\t\t\t\t\t\t<div class=\"elementor-widget-wrap\">\n\t\t\t\t\t\t\t\t<\/div>\n\t\t\t\t\t<\/div>\n\t\t<\/div>\n\t\t\t\t<div class=\"elementor-column elementor-col-33 elementor-top-column elementor-element elementor-element-13adc71e\" data-id=\"13adc71e\" data-element_type=\"column\">\n\t\t\t<div class=\"elementor-column-wrap elementor-element-populated\">\n\t\t\t\t\t\t\t<div class=\"elementor-widget-wrap\">\n\t\t\t\t\t\t<div class=\"elementor-element elementor-element-99f490a elementor-widget elementor-widget-image\" data-id=\"99f490a\" data-element_type=\"widget\" data-widget_type=\"image.default\">\n\t\t\t\t<div class=\"elementor-widget-container\">\n\t\t\t\t\t\t\t\t<div class=\"elementor-image\">\n\t\t\t\t\t\t\t\t\t\t\t\t<img width=\"815\" height=\"1024\" src=\"https:\/\/marzuchowska.com\/wp-content\/uploads\/2021\/01\/1-3-815x1024.jpg\" class=\"attachment-large size-large wp-image-3400\" alt=\"\" loading=\"lazy\" srcset=\"https:\/\/marzuchowska.com\/wp-content\/uploads\/2021\/01\/1-3-815x1024.jpg 815w, https:\/\/marzuchowska.com\/wp-content\/uploads\/2021\/01\/1-3-239x300.jpg 239w, https:\/\/marzuchowska.com\/wp-content\/uploads\/2021\/01\/1-3-768x965.jpg 768w, https:\/\/marzuchowska.com\/wp-content\/uploads\/2021\/01\/1-3-500x629.jpg 500w, https:\/\/marzuchowska.com\/wp-content\/uploads\/2021\/01\/1-3-800x1006.jpg 800w, https:\/\/marzuchowska.com\/wp-content\/uploads\/2021\/01\/1-3-1280x1609.jpg 1280w, https:\/\/marzuchowska.com\/wp-content\/uploads\/2021\/01\/1-3-1920x2413.jpg 1920w, https:\/\/marzuchowska.com\/wp-content\/uploads\/2021\/01\/1-3-1222x1536.jpg 1222w, https:\/\/marzuchowska.com\/wp-content\/uploads\/2021\/01\/1-3-1629x2048.jpg 1629w, https:\/\/marzuchowska.com\/wp-content\/uploads\/2021\/01\/1-3-scaled.jpg 2037w\" sizes=\"(max-width: 815px) 100vw, 815px\" \/>\t\t\t\t\t\t\t\t\t\t\t\t\t\t<\/div>\n\t\t\t\t\t\t<\/div>\n\t\t\t\t<\/div>\n\t\t\t\t\t\t<\/div>\n\t\t\t\t\t<\/div>\n\t\t<\/div>\n\t\t\t\t\t\t\t\t<\/div>\n\t\t\t\t\t<\/div>\n\t\t<\/section>\n\t\t\t\t<section class=\"elementor-section elementor-top-section elementor-element elementor-element-70a21ab elementor-section-boxed elementor-section-height-default elementor-section-height-default\" data-id=\"70a21ab\" data-element_type=\"section\">\n\t\t\t\t\t\t<div class=\"elementor-container elementor-column-gap-default\">\n\t\t\t\t\t\t\t<div class=\"elementor-row\">\n\t\t\t\t\t<div class=\"elementor-column elementor-col-100 elementor-top-column elementor-element elementor-element-9bf1fbd\" data-id=\"9bf1fbd\" data-element_type=\"column\">\n\t\t\t<div class=\"elementor-column-wrap elementor-element-populated\">\n\t\t\t\t\t\t\t<div class=\"elementor-widget-wrap\">\n\t\t\t\t\t\t<div class=\"elementor-element elementor-element-c10cf85 elementor-widget elementor-widget-spacer\" data-id=\"c10cf85\" data-element_type=\"widget\" data-widget_type=\"spacer.default\">\n\t\t\t\t<div class=\"elementor-widget-container\">\n\t\t\t\t\t<div class=\"elementor-spacer\">\n\t\t\t<div class=\"elementor-spacer-inner\"><\/div>\n\t\t<\/div>\n\t\t\t\t<\/div>\n\t\t\t\t<\/div>\n\t\t\t\t\t\t<\/div>\n\t\t\t\t\t<\/div>\n\t\t<\/div>\n\t\t\t\t\t\t\t\t<\/div>\n\t\t\t\t\t<\/div>\n\t\t<\/section>\n\t\t\t\t<section class=\"elementor-section elementor-top-section elementor-element elementor-element-656bf3c7 elementor-section-boxed elementor-section-height-default elementor-section-height-default\" data-id=\"656bf3c7\" data-element_type=\"section\">\n\t\t\t\t\t\t<div class=\"elementor-container elementor-column-gap-no\">\n\t\t\t\t\t\t\t<div class=\"elementor-row\">\n\t\t\t\t\t<div class=\"elementor-column elementor-col-33 elementor-top-column elementor-element elementor-element-5c6edba5\" data-id=\"5c6edba5\" data-element_type=\"column\" data-settings=\"{&quot;background_background&quot;:&quot;classic&quot;}\">\n\t\t\t<div class=\"elementor-column-wrap elementor-element-populated\">\n\t\t\t\t\t\t\t<div class=\"elementor-widget-wrap\">\n\t\t\t\t\t\t<div class=\"elementor-element elementor-element-5fb29e7c elementor-widget elementor-widget-image\" data-id=\"5fb29e7c\" data-element_type=\"widget\" data-widget_type=\"image.default\">\n\t\t\t\t<div class=\"elementor-widget-container\">\n\t\t\t\t\t\t\t\t<div class=\"elementor-image\">\n\t\t\t\t\t\t\t\t\t\t\t\t<img width=\"691\" height=\"1024\" src=\"https:\/\/marzuchowska.com\/wp-content\/uploads\/2021\/01\/2-4-691x1024.jpg\" class=\"attachment-large size-large wp-image-3405\" alt=\"\" loading=\"lazy\" srcset=\"https:\/\/marzuchowska.com\/wp-content\/uploads\/2021\/01\/2-4-691x1024.jpg 691w, https:\/\/marzuchowska.com\/wp-content\/uploads\/2021\/01\/2-4-203x300.jpg 203w, https:\/\/marzuchowska.com\/wp-content\/uploads\/2021\/01\/2-4-768x1138.jpg 768w, https:\/\/marzuchowska.com\/wp-content\/uploads\/2021\/01\/2-4-500x741.jpg 500w, https:\/\/marzuchowska.com\/wp-content\/uploads\/2021\/01\/2-4-800x1185.jpg 800w, https:\/\/marzuchowska.com\/wp-content\/uploads\/2021\/01\/2-4-1280x1896.jpg 1280w, https:\/\/marzuchowska.com\/wp-content\/uploads\/2021\/01\/2-4-1920x2844.jpg 1920w, https:\/\/marzuchowska.com\/wp-content\/uploads\/2021\/01\/2-4-1037x1536.jpg 1037w, https:\/\/marzuchowska.com\/wp-content\/uploads\/2021\/01\/2-4-1383x2048.jpg 1383w, https:\/\/marzuchowska.com\/wp-content\/uploads\/2021\/01\/2-4-scaled.jpg 1728w\" sizes=\"(max-width: 691px) 100vw, 691px\" \/>\t\t\t\t\t\t\t\t\t\t\t\t\t\t<\/div>\n\t\t\t\t\t\t<\/div>\n\t\t\t\t<\/div>\n\t\t\t\t\t\t<\/div>\n\t\t\t\t\t<\/div>\n\t\t<\/div>\n\t\t\t\t<div class=\"elementor-column elementor-col-33 elementor-top-column elementor-element elementor-element-36ab76db\" data-id=\"36ab76db\" data-element_type=\"column\">\n\t\t\t<div class=\"elementor-column-wrap\">\n\t\t\t\t\t\t\t<div class=\"elementor-widget-wrap\">\n\t\t\t\t\t\t\t\t<\/div>\n\t\t\t\t\t<\/div>\n\t\t<\/div>\n\t\t\t\t<div class=\"elementor-column elementor-col-33 elementor-top-column elementor-element elementor-element-12aa652c\" data-id=\"12aa652c\" data-element_type=\"column\">\n\t\t\t<div class=\"elementor-column-wrap elementor-element-populated\">\n\t\t\t\t\t\t\t<div class=\"elementor-widget-wrap\">\n\t\t\t\t\t\t<div class=\"elementor-element elementor-element-18fb234d elementor-widget elementor-widget-image\" data-id=\"18fb234d\" data-element_type=\"widget\" data-widget_type=\"image.default\">\n\t\t\t\t<div class=\"elementor-widget-container\">\n\t\t\t\t\t\t\t\t<div class=\"elementor-image\">\n\t\t\t\t\t\t\t\t\t\t\t\t<img width=\"680\" height=\"1024\" src=\"https:\/\/marzuchowska.com\/wp-content\/uploads\/2021\/01\/3-2-680x1024.jpg\" class=\"attachment-large size-large wp-image-3406\" alt=\"\" loading=\"lazy\" srcset=\"https:\/\/marzuchowska.com\/wp-content\/uploads\/2021\/01\/3-2-680x1024.jpg 680w, https:\/\/marzuchowska.com\/wp-content\/uploads\/2021\/01\/3-2-199x300.jpg 199w, https:\/\/marzuchowska.com\/wp-content\/uploads\/2021\/01\/3-2-768x1156.jpg 768w, https:\/\/marzuchowska.com\/wp-content\/uploads\/2021\/01\/3-2-500x753.jpg 500w, https:\/\/marzuchowska.com\/wp-content\/uploads\/2021\/01\/3-2-800x1204.jpg 800w, https:\/\/marzuchowska.com\/wp-content\/uploads\/2021\/01\/3-2-1280x1927.jpg 1280w, https:\/\/marzuchowska.com\/wp-content\/uploads\/2021\/01\/3-2-1920x2891.jpg 1920w, https:\/\/marzuchowska.com\/wp-content\/uploads\/2021\/01\/3-2-1020x1536.jpg 1020w, https:\/\/marzuchowska.com\/wp-content\/uploads\/2021\/01\/3-2-1360x2048.jpg 1360w, https:\/\/marzuchowska.com\/wp-content\/uploads\/2021\/01\/3-2-scaled.jpg 1700w\" sizes=\"(max-width: 680px) 100vw, 680px\" \/>\t\t\t\t\t\t\t\t\t\t\t\t\t\t<\/div>\n\t\t\t\t\t\t<\/div>\n\t\t\t\t<\/div>\n\t\t\t\t\t\t<\/div>\n\t\t\t\t\t<\/div>\n\t\t<\/div>\n\t\t\t\t\t\t\t\t<\/div>\n\t\t\t\t\t<\/div>\n\t\t<\/section>\n\t\t\t\t\t\t\t\t\t<\/div>\n\t\t\t<\/div>\n\t\t\t\t\t<\/div>\n\t\t","protected":false},"excerpt":{"rendered":"<p>&nbsp;EKSPERTYZA DENDROLOGICZNA POMNIKA PRZYRODY D\u0118BU SZYPU\u0141KOWEGO \u2018BARTU\u015a\u2019 ZLOKALIZOWANEGO NA TERENIE PARKU NARODOWEGO \u201eBORY TUCHOLSKIE\u201d Lokalizacja:&nbsp;PN &#8222;Bory Tucholskie&#8221;, powiat: chojnicki, woj. pomorskie Autorzy:&nbsp; Monika Marzuchowska, Maciej Motas (arborysta.com) Rok: 2018 Opracowanie dotyczy pomnika przyrody \u2013 d\u0119bu szypu\u0142kowego \u201eBartu\u015b\u201d zlokalizowanego w Parku Narodowym Bory Tucholskie. Zakres ekspertyzy obejmuje: ocen\u0119 stanu zdrowotnego, stabilno\u015bci drzewa, ocen\u0119 stopnia zagro\u017cenia ludzi &hellip;<\/p>\n<p class=\"read-more\"> <a class=\"\" href=\"https:\/\/marzuchowska.com\/?page_id=3387\"> <span class=\"screen-reader-text\">Ekspertyza dendrologiczna d\u0119bu Bartu\u015b, PN Bory Tucholskie<\/span> Read More &raquo;<\/a><\/p>\n","protected":false},"author":2,"featured_media":0,"parent":2203,"menu_order":0,"comment_status":"closed","ping_status":"closed","template":"","meta":{"_uag_custom_page_level_css":"","_vp_format_video_url":"","_vp_image_focal_point":[],"_links_to":"","_links_to_target":""},"uagb_featured_image_src":{"full":false,"thumbnail":false,"medium":false,"medium_large":false,"large":false,"1536x1536":false,"2048x2048":false,"vp_sm":false,"vp_md":false,"vp_lg":false,"vp_xl":false,"vp_sm_popup":false,"vp_md_popup":false,"vp_xl_popup":false},"uagb_author_info":{"display_name":"monika","author_link":"https:\/\/marzuchowska.com\/?author=2"},"uagb_comment_info":0,"uagb_excerpt":"&nbsp;EKSPERTYZA DENDROLOGICZNA POMNIKA PRZYRODY D\u0118BU SZYPU\u0141KOWEGO \u2018BARTU\u015a\u2019 ZLOKALIZOWANEGO NA TERENIE PARKU NARODOWEGO \u201eBORY TUCHOLSKIE\u201d Lokalizacja:&nbsp;PN &#8222;Bory Tucholskie&#8221;, powiat: chojnicki, woj. pomorskie Autorzy:&nbsp; Monika Marzuchowska, Maciej Motas (arborysta.com) Rok: 2018 Opracowanie dotyczy pomnika przyrody \u2013 d\u0119bu szypu\u0142kowego \u201eBartu\u015b\u201d zlokalizowanego w Parku Narodowym Bory Tucholskie. Zakres ekspertyzy obejmuje: ocen\u0119 stanu zdrowotnego, stabilno\u015bci drzewa, ocen\u0119 stopnia zagro\u017cenia ludzi&hellip;","_links":{"self":[{"href":"https:\/\/marzuchowska.com\/index.php?rest_route=\/wp\/v2\/pages\/3387"}],"collection":[{"href":"https:\/\/marzuchowska.com\/index.php?rest_route=\/wp\/v2\/pages"}],"about":[{"href":"https:\/\/marzuchowska.com\/index.php?rest_route=\/wp\/v2\/types\/page"}],"author":[{"embeddable":true,"href":"https:\/\/marzuchowska.com\/index.php?rest_route=\/wp\/v2\/users\/2"}],"replies":[{"embeddable":true,"href":"https:\/\/marzuchowska.com\/index.php?rest_route=%2Fwp%2Fv2%2Fcomments&post=3387"}],"version-history":[{"count":17,"href":"https:\/\/marzuchowska.com\/index.php?rest_route=\/wp\/v2\/pages\/3387\/revisions"}],"predecessor-version":[{"id":3410,"href":"https:\/\/marzuchowska.com\/index.php?rest_route=\/wp\/v2\/pages\/3387\/revisions\/3410"}],"up":[{"embeddable":true,"href":"https:\/\/marzuchowska.com\/index.php?rest_route=\/wp\/v2\/pages\/2203"}],"wp:attachment":[{"href":"https:\/\/marzuchowska.com\/index.php?rest_route=%2Fwp%2Fv2%2Fmedia&parent=3387"}],"curies":[{"name":"wp","href":"https:\/\/api.w.org\/{rel}","templated":true}]}}