{"id":9,"date":"2018-12-21T06:28:51","date_gmt":"2018-12-21T06:28:51","guid":{"rendered":"https:\/\/marzuchowska.com\/?page_id=9"},"modified":"2021-01-16T07:34:34","modified_gmt":"2021-01-16T07:34:34","slug":"about","status":"publish","type":"page","link":"https:\/\/marzuchowska.com\/?page_id=9","title":{"rendered":"O mnie"},"content":{"rendered":"\t\t<div data-elementor-type=\"wp-page\" data-elementor-id=\"9\" class=\"elementor elementor-9\">\n\t\t\t\t\t\t<div class=\"elementor-inner\">\n\t\t\t\t<div class=\"elementor-section-wrap\">\n\t\t\t\t\t\t\t\t\t<section class=\"elementor-section elementor-top-section elementor-element elementor-element-7a9dfba2 elementor-section-boxed elementor-section-height-default elementor-section-height-default\" data-id=\"7a9dfba2\" data-element_type=\"section\">\n\t\t\t\t\t\t<div class=\"elementor-container elementor-column-gap-no\">\n\t\t\t\t\t\t\t<div class=\"elementor-row\">\n\t\t\t\t\t<div class=\"elementor-column elementor-col-33 elementor-top-column elementor-element elementor-element-784d651f\" data-id=\"784d651f\" data-element_type=\"column\">\n\t\t\t<div class=\"elementor-column-wrap elementor-element-populated\">\n\t\t\t\t\t\t\t<div class=\"elementor-widget-wrap\">\n\t\t\t\t\t\t<div class=\"elementor-element elementor-element-b5dc96f elementor-widget elementor-widget-image\" data-id=\"b5dc96f\" data-element_type=\"widget\" data-widget_type=\"image.default\">\n\t\t\t\t<div class=\"elementor-widget-container\">\n\t\t\t\t\t\t\t\t<div class=\"elementor-image\">\n\t\t\t\t\t\t\t\t\t\t\t\t<img src=\"https:\/\/marzuchowska.com\/wp-content\/uploads\/elementor\/thumbs\/ja-scaled-oyirphrc2uoa8ulauu1c68ebfg4ph72rggpnqh927k.jpg\" title=\"ja\" alt=\"projektant architektury krajobrazu\" loading=\"lazy\" \/>\t\t\t\t\t\t\t\t\t\t\t\t\t\t<\/div>\n\t\t\t\t\t\t<\/div>\n\t\t\t\t<\/div>\n\t\t\t\t<div class=\"elementor-element elementor-element-693a467 elementor-widget-divider--view-line elementor-widget elementor-widget-divider\" data-id=\"693a467\" data-element_type=\"widget\" data-widget_type=\"divider.default\">\n\t\t\t\t<div class=\"elementor-widget-container\">\n\t\t\t\t\t<div class=\"elementor-divider\">\n\t\t\t<span class=\"elementor-divider-separator\">\n\t\t\t\t\t\t<\/span>\n\t\t<\/div>\n\t\t\t\t<\/div>\n\t\t\t\t<\/div>\n\t\t\t\t\t\t<\/div>\n\t\t\t\t\t<\/div>\n\t\t<\/div>\n\t\t\t\t<div class=\"elementor-column elementor-col-33 elementor-top-column elementor-element elementor-element-26fbfee3\" data-id=\"26fbfee3\" data-element_type=\"column\">\n\t\t\t<div class=\"elementor-column-wrap\">\n\t\t\t\t\t\t\t<div class=\"elementor-widget-wrap\">\n\t\t\t\t\t\t\t\t<\/div>\n\t\t\t\t\t<\/div>\n\t\t<\/div>\n\t\t\t\t<div class=\"elementor-column elementor-col-33 elementor-top-column elementor-element elementor-element-2bb78f2b\" data-id=\"2bb78f2b\" data-element_type=\"column\">\n\t\t\t<div class=\"elementor-column-wrap elementor-element-populated\">\n\t\t\t\t\t\t\t<div class=\"elementor-widget-wrap\">\n\t\t\t\t\t\t<div class=\"elementor-element elementor-element-4f3a6517 elementor-widget elementor-widget-text-editor\" data-id=\"4f3a6517\" data-element_type=\"widget\" data-widget_type=\"text-editor.default\">\n\t\t\t\t<div class=\"elementor-widget-container\">\n\t\t\t\t\t\t\t\t<div class=\"elementor-text-editor elementor-clearfix\">\n\t\t\t\t<p style=\"font-size: 16px; font-style: normal; color: #020202;\"><span style=\"font-size: 16px; font-style: normal;\"><b>Cze\u015b\u0107!<\/b><\/span><\/p>\n<p style=\"font-size: 16px; color: #020202;\"><span style=\"font-style: normal; font-weight: 300; font-size: 16px;\">Jestem architektk\u0105 krajobrazu, graficzk\u0105. Certyfikowanym Inspektorem Drzew. Cz\u0142onkini\u0105&nbsp;<\/span><span style=\"font-style: normal; font-weight: 300; font-size: 16px;\">Stowarzyszenia Architektury Krajobrazu. Do\u015bwiadczenie w architekturze krajobrazu zdobywam od&nbsp;<\/span><span style=\"font-style: normal; font-weight: 300; font-size: 16px;\">2014 r. Swoje zainteresowania zwi\u0105zane z grafik\u0105, UX przestrzeni, projektowaniu us\u0142ug staram si\u0119&nbsp;<\/span><span style=\"font-style: normal; font-weight: 300; font-size: 16px;\">\u0142\u0105czy\u0107 z architektur\u0105 krajobrazu, tworz\u0105c funkcjonalne projekty. Jestem wierna zasadzie \u201eless is more.&nbsp;<\/span><span style=\"font-style: normal; font-weight: 300; font-size: 16px;\">Uwa\u017cam, \u017ce najprostsze rozwi\u0105zania s\u0105 najlepsze i t\u0105 zasad\u0105 chc\u0119 kierowa\u0107 si\u0119 w swoich projektach.&nbsp;<\/span><span style=\"font-style: normal; font-weight: 300; font-size: 16px;\">Interesuje mnie tematyka przestrzeni miejskiej. Ch\u0119tnie dziel\u0119 si\u0119 swoimi spostrze\u017ceniami na koncie&nbsp;<\/span><span style=\"font-style: normal; font-weight: 300; font-size: 16px;\">na IG:&nbsp;<\/span><a href=\"https:\/\/www.instagram.com\/blok_w_zieleni\/\" target=\"_blank\" rel=\"noopener\"><i>blok_w_zieleni<\/i><\/a><span style=\"font-style: normal; font-weight: 300; font-size: 16px;\">&nbsp;.<\/span><\/p>\n<p style=\"font-size: 16px; font-style: normal; font-weight: 300; color: #020202;\">Posiadam r\u00f3wnie\u017c do\u015bwiadczenie w ekspertyzach i ocenie stanu zdrowotnego drzew. Bra\u0142am udzia\u0142 w ocenie wielu drzew, w r\u00f3\u017cnych cz\u0119\u015bciach Polski. Spo\u015br\u00f3d realizacji znajduj\u0105 si\u0119.: m.in. ocena stanu zdrowotnego drzew w Parku Skaryszewskim, Saska K\u0119pa, d\u0105b Pawe\u0142 w Paw\u0142owicach k. Wroc\u0142awia.<br>Sosna wejmutka w parku w Pokoju, buk w \u015awierklanach, aleja grabowa w Parku w Jarocinie.<\/p>\n<p style=\"font-size: 16px; font-style: normal; font-weight: 300; color: #020202;\">Wsp\u00f3\u0142pracowa\u0142am z wieloma urz\u0119dami miejskimi, gminnymi, biurami architektonicznymi, deweloperami jako wsparcie procesu inwestycji (przygotowywanie wniosk\u00f3w, dokument\u00f3w, doradztwo). Bra\u0142am udzia\u0142 w ka\u017cdym etapie inwestycji od inwentaryzacji dendrologicznej, ocen\u0119 stanu zdrowotnego drzew\/przegl\u0105d drzewostanu, typowanie drzew do usuni\u0119cia oraz przygotowywanie wniosk\u00f3w, projekty koncepcyjne i techniczne, a\u017c po wykonawstwo i nadz\u00f3r.<\/p>\n<h4 class=\"elementor-heading-title elementor-size-default elementor-inline-editing pen\" style=\"margin-bottom: 0px;\" data-elementor-setting-key=\"title\" data-pen-placeholder=\"Pisz tutaj...\"><a href=\"https:\/\/drive.google.com\/drive\/folders\/16HEnnFdpSwJ5vDDRGS8anR2FsPmEZpSt?usp=sharing\" target=\"_blank\" rel=\"noopener\"><span style=\"font-weight: bold;\"><i>MOJE CV<\/i><\/span><\/a><\/h4>\t\t\t\t\t<\/div>\n\t\t\t\t\t\t<\/div>\n\t\t\t\t<\/div>\n\t\t\t\t\t\t<\/div>\n\t\t\t\t\t<\/div>\n\t\t<\/div>\n\t\t\t\t\t\t\t\t<\/div>\n\t\t\t\t\t<\/div>\n\t\t<\/section>\n\t\t\t\t<section class=\"elementor-section elementor-top-section elementor-element elementor-element-f0f418d elementor-section-boxed elementor-section-height-default elementor-section-height-default\" data-id=\"f0f418d\" data-element_type=\"section\">\n\t\t\t\t\t\t<div class=\"elementor-container elementor-column-gap-default\">\n\t\t\t\t\t\t\t<div class=\"elementor-row\">\n\t\t\t\t\t<div class=\"elementor-column elementor-col-100 elementor-top-column elementor-element elementor-element-3361534\" data-id=\"3361534\" data-element_type=\"column\">\n\t\t\t<div class=\"elementor-column-wrap elementor-element-populated\">\n\t\t\t\t\t\t\t<div class=\"elementor-widget-wrap\">\n\t\t\t\t\t\t<div class=\"elementor-element elementor-element-d59e782 elementor-widget elementor-widget-spacer\" data-id=\"d59e782\" data-element_type=\"widget\" data-widget_type=\"spacer.default\">\n\t\t\t\t<div class=\"elementor-widget-container\">\n\t\t\t\t\t<div class=\"elementor-spacer\">\n\t\t\t<div class=\"elementor-spacer-inner\"><\/div>\n\t\t<\/div>\n\t\t\t\t<\/div>\n\t\t\t\t<\/div>\n\t\t\t\t\t\t<\/div>\n\t\t\t\t\t<\/div>\n\t\t<\/div>\n\t\t\t\t\t\t\t\t<\/div>\n\t\t\t\t\t<\/div>\n\t\t<\/section>\n\t\t\t\t<section class=\"elementor-section elementor-top-section elementor-element elementor-element-668651ab elementor-section-boxed elementor-section-height-default elementor-section-height-default\" data-id=\"668651ab\" data-element_type=\"section\">\n\t\t\t\t\t\t<div class=\"elementor-container elementor-column-gap-default\">\n\t\t\t\t\t\t\t<div class=\"elementor-row\">\n\t\t\t\t\t<div class=\"elementor-column elementor-col-33 elementor-top-column elementor-element elementor-element-905a0fb\" data-id=\"905a0fb\" data-element_type=\"column\">\n\t\t\t<div class=\"elementor-column-wrap elementor-element-populated\">\n\t\t\t\t\t\t\t<div class=\"elementor-widget-wrap\">\n\t\t\t\t\t\t<div class=\"elementor-element elementor-element-3e0f3f2 elementor-widget elementor-widget-heading\" data-id=\"3e0f3f2\" data-element_type=\"widget\" data-widget_type=\"heading.default\">\n\t\t\t\t<div class=\"elementor-widget-container\">\n\t\t\t<p class=\"elementor-heading-title elementor-size-default\"><span style=\"font-weight: 300; color: rgb(102, 102, 102);\">Ilo\u015b\u0107 drzew poddanych ekspertyzie, przy kt\u00f3rych by\u0142am wsp\u00f3\u0142autork\u0105:<\/span><span style=\"font-size: 19px; font-style: normal; font-weight: 400; color: rgb(102, 102, 102);\"><\/span><span style=\"font-size: 25px; font-style: normal; font-weight: 300;\"><\/span><\/p>\t\t<\/div>\n\t\t\t\t<\/div>\n\t\t\t\t<div class=\"elementor-element elementor-element-50b5ae2 elementor-widget elementor-widget-counter\" data-id=\"50b5ae2\" data-element_type=\"widget\" data-widget_type=\"counter.default\">\n\t\t\t\t<div class=\"elementor-widget-container\">\n\t\t\t\t\t<div class=\"elementor-counter\">\n\t\t\t<div class=\"elementor-counter-number-wrapper\">\n\t\t\t\t<span class=\"elementor-counter-number-prefix\"><\/span>\n\t\t\t\t<span class=\"elementor-counter-number\" data-duration=\"2000\" data-to-value=\"545\" data-from-value=\"0\" data-delimiter=\" \">0<\/span>\n\t\t\t\t<span class=\"elementor-counter-number-suffix\"><\/span>\n\t\t\t<\/div>\n\t\t\t\t\t<\/div>\n\t\t\t\t<\/div>\n\t\t\t\t<\/div>\n\t\t\t\t\t\t<\/div>\n\t\t\t\t\t<\/div>\n\t\t<\/div>\n\t\t\t\t<div class=\"elementor-column elementor-col-33 elementor-top-column elementor-element elementor-element-349fdc42\" data-id=\"349fdc42\" data-element_type=\"column\">\n\t\t\t<div class=\"elementor-column-wrap\">\n\t\t\t\t\t\t\t<div class=\"elementor-widget-wrap\">\n\t\t\t\t\t\t\t\t<\/div>\n\t\t\t\t\t<\/div>\n\t\t<\/div>\n\t\t\t\t<div class=\"elementor-column elementor-col-33 elementor-top-column elementor-element elementor-element-2a72007b\" data-id=\"2a72007b\" data-element_type=\"column\">\n\t\t\t<div class=\"elementor-column-wrap elementor-element-populated\">\n\t\t\t\t\t\t\t<div class=\"elementor-widget-wrap\">\n\t\t\t\t\t\t<div class=\"elementor-element elementor-element-81f6107 elementor-widget elementor-widget-heading\" data-id=\"81f6107\" data-element_type=\"widget\" data-widget_type=\"heading.default\">\n\t\t\t\t<div class=\"elementor-widget-container\">\n\t\t\t<p class=\"elementor-heading-title elementor-size-default\"><font><span >Projekty \u0142\u0105cznie z projektami nasadze\u0144 zast\u0119pczych i kompensacyjnych:<\/span><\/font><\/p>\t\t<\/div>\n\t\t\t\t<\/div>\n\t\t\t\t<div class=\"elementor-element elementor-element-de3daec elementor-widget elementor-widget-counter\" data-id=\"de3daec\" data-element_type=\"widget\" data-widget_type=\"counter.default\">\n\t\t\t\t<div class=\"elementor-widget-container\">\n\t\t\t\t\t<div class=\"elementor-counter\">\n\t\t\t<div class=\"elementor-counter-number-wrapper\">\n\t\t\t\t<span class=\"elementor-counter-number-prefix\"><\/span>\n\t\t\t\t<span class=\"elementor-counter-number\" data-duration=\"2000\" data-to-value=\"15\" data-from-value=\"0\">0<\/span>\n\t\t\t\t<span class=\"elementor-counter-number-suffix\"><\/span>\n\t\t\t<\/div>\n\t\t\t\t\t<\/div>\n\t\t\t\t<\/div>\n\t\t\t\t<\/div>\n\t\t\t\t\t\t<\/div>\n\t\t\t\t\t<\/div>\n\t\t<\/div>\n\t\t\t\t\t\t\t\t<\/div>\n\t\t\t\t\t<\/div>\n\t\t<\/section>\n\t\t\t\t<section class=\"elementor-section elementor-top-section elementor-element elementor-element-377721db elementor-section-boxed elementor-section-height-default elementor-section-height-default\" data-id=\"377721db\" data-element_type=\"section\">\n\t\t\t\t\t\t<div class=\"elementor-container elementor-column-gap-no\">\n\t\t\t\t\t\t\t<div class=\"elementor-row\">\n\t\t\t\t\t<div class=\"elementor-column elementor-col-100 elementor-top-column elementor-element elementor-element-6bb63357\" data-id=\"6bb63357\" data-element_type=\"column\">\n\t\t\t<div class=\"elementor-column-wrap elementor-element-populated\">\n\t\t\t\t\t\t\t<div class=\"elementor-widget-wrap\">\n\t\t\t\t\t\t<div class=\"elementor-element elementor-element-f1526fa elementor-widget-divider--view-line elementor-widget elementor-widget-divider\" data-id=\"f1526fa\" data-element_type=\"widget\" data-widget_type=\"divider.default\">\n\t\t\t\t<div class=\"elementor-widget-container\">\n\t\t\t\t\t<div class=\"elementor-divider\">\n\t\t\t<span class=\"elementor-divider-separator\">\n\t\t\t\t\t\t<\/span>\n\t\t<\/div>\n\t\t\t\t<\/div>\n\t\t\t\t<\/div>\n\t\t\t\t\t\t<\/div>\n\t\t\t\t\t<\/div>\n\t\t<\/div>\n\t\t\t\t\t\t\t\t<\/div>\n\t\t\t\t\t<\/div>\n\t\t<\/section>\n\t\t\t\t<section class=\"elementor-section elementor-top-section elementor-element elementor-element-34817154 elementor-section-boxed elementor-section-height-default elementor-section-height-default\" data-id=\"34817154\" data-element_type=\"section\">\n\t\t\t\t\t\t<div class=\"elementor-container elementor-column-gap-no\">\n\t\t\t\t\t\t\t<div class=\"elementor-row\">\n\t\t\t\t\t<div class=\"elementor-column elementor-col-33 elementor-top-column elementor-element elementor-element-2771163b\" data-id=\"2771163b\" data-element_type=\"column\">\n\t\t\t<div class=\"elementor-column-wrap elementor-element-populated\">\n\t\t\t\t\t\t\t<div class=\"elementor-widget-wrap\">\n\t\t\t\t\t\t<div class=\"elementor-element elementor-element-4119ece0 elementor-widget elementor-widget-text-editor\" data-id=\"4119ece0\" data-element_type=\"widget\" data-widget_type=\"text-editor.default\">\n\t\t\t\t<div class=\"elementor-widget-container\">\n\t\t\t\t\t\t\t\t<div class=\"elementor-text-editor elementor-clearfix\">\n\t\t\t\t<p>Artyku\u0142y\/publikacje:<\/p><ol><li>\u00a0Podcast &#8222;Urbcast-podcast o miastach&#8221; &#8211; <em>&#8222;24. Jak dzia\u0142a sponge city czyli miasto g\u0105bka&#8221;<\/em> (SPOTIFY) -&gt;<strong><a href=\"https:\/\/open.spotify.com\/episode\/0rpvxVbKc7OZsEhtUfCQBF\" target=\"_blank\" rel=\"noopener\">LINK<\/a><\/strong><\/li><li>Artyku\u0142 na portalu &#8222;Obserwatorium Polityki Miejskiej&#8221; &#8211; <em>&#8222;Miasto g\u0105bka \u2013 czyli jak wycisn\u0105\u0107 wi\u0119cej korzy\u015bci z naszych miast?&#8221;<\/em> -&gt; <strong><a href=\"http:\/\/obserwatorium.miasta.pl\/miasto-gabka-czyli-jak-wycisnac-wiecej-korzysci-z-naszych-miast\/\" target=\"_blank\" rel=\"noopener\">LINK<\/a><\/strong><\/li><\/ol>\t\t\t\t\t<\/div>\n\t\t\t\t\t\t<\/div>\n\t\t\t\t<\/div>\n\t\t\t\t\t\t<\/div>\n\t\t\t\t\t<\/div>\n\t\t<\/div>\n\t\t\t\t<div class=\"elementor-column elementor-col-33 elementor-top-column elementor-element elementor-element-23413982\" data-id=\"23413982\" data-element_type=\"column\">\n\t\t\t<div class=\"elementor-column-wrap\">\n\t\t\t\t\t\t\t<div class=\"elementor-widget-wrap\">\n\t\t\t\t\t\t\t\t<\/div>\n\t\t\t\t\t<\/div>\n\t\t<\/div>\n\t\t\t\t<div class=\"elementor-column elementor-col-33 elementor-top-column elementor-element elementor-element-5f4d5d4b\" data-id=\"5f4d5d4b\" data-element_type=\"column\">\n\t\t\t<div class=\"elementor-column-wrap elementor-element-populated\">\n\t\t\t\t\t\t\t<div class=\"elementor-widget-wrap\">\n\t\t\t\t\t\t<div class=\"elementor-element elementor-element-7fe315f1 elementor-widget elementor-widget-spacer\" data-id=\"7fe315f1\" data-element_type=\"widget\" data-widget_type=\"spacer.default\">\n\t\t\t\t<div class=\"elementor-widget-container\">\n\t\t\t\t\t<div class=\"elementor-spacer\">\n\t\t\t<div class=\"elementor-spacer-inner\"><\/div>\n\t\t<\/div>\n\t\t\t\t<\/div>\n\t\t\t\t<\/div>\n\t\t\t\t\t\t<\/div>\n\t\t\t\t\t<\/div>\n\t\t<\/div>\n\t\t\t\t\t\t\t\t<\/div>\n\t\t\t\t\t<\/div>\n\t\t<\/section>\n\t\t\t\t\t\t\t\t\t<\/div>\n\t\t\t<\/div>\n\t\t\t\t\t<\/div>\n\t\t","protected":false},"excerpt":{"rendered":"<p>Cze\u015b\u0107! Jestem architektk\u0105 krajobrazu, graficzk\u0105. Certyfikowanym Inspektorem Drzew. Cz\u0142onkini\u0105&nbsp;Stowarzyszenia Architektury Krajobrazu. Do\u015bwiadczenie w architekturze krajobrazu zdobywam od&nbsp;2014 r. Swoje zainteresowania zwi\u0105zane z grafik\u0105, UX przestrzeni, projektowaniu us\u0142ug staram si\u0119&nbsp;\u0142\u0105czy\u0107 z architektur\u0105 krajobrazu, tworz\u0105c funkcjonalne projekty. Jestem wierna zasadzie \u201eless is more.&nbsp;Uwa\u017cam, \u017ce najprostsze rozwi\u0105zania s\u0105 najlepsze i t\u0105 zasad\u0105 chc\u0119 kierowa\u0107 si\u0119 w swoich projektach.&nbsp;Interesuje &hellip;<\/p>\n<p class=\"read-more\"> <a class=\"\" href=\"https:\/\/marzuchowska.com\/?page_id=9\"> <span class=\"screen-reader-text\">O mnie<\/span> Read More &raquo;<\/a><\/p>\n","protected":false},"author":4,"featured_media":0,"parent":0,"menu_order":0,"comment_status":"closed","ping_status":"closed","template":"","meta":{"_uag_custom_page_level_css":"","_vp_format_video_url":"","_vp_image_focal_point":[],"_links_to":"","_links_to_target":""},"uagb_featured_image_src":{"full":false,"thumbnail":false,"medium":false,"medium_large":false,"large":false,"1536x1536":false,"2048x2048":false,"vp_sm":false,"vp_md":false,"vp_lg":false,"vp_xl":false,"vp_sm_popup":false,"vp_md_popup":false,"vp_xl_popup":false},"uagb_author_info":{"display_name":"Natalia","author_link":"https:\/\/marzuchowska.com\/?author=4"},"uagb_comment_info":0,"uagb_excerpt":"Cze\u015b\u0107! Jestem architektk\u0105 krajobrazu, graficzk\u0105. Certyfikowanym Inspektorem Drzew. Cz\u0142onkini\u0105&nbsp;Stowarzyszenia Architektury Krajobrazu. Do\u015bwiadczenie w architekturze krajobrazu zdobywam od&nbsp;2014 r. Swoje zainteresowania zwi\u0105zane z grafik\u0105, UX przestrzeni, projektowaniu us\u0142ug staram si\u0119&nbsp;\u0142\u0105czy\u0107 z architektur\u0105 krajobrazu, tworz\u0105c funkcjonalne projekty. Jestem wierna zasadzie \u201eless is more.&nbsp;Uwa\u017cam, \u017ce najprostsze rozwi\u0105zania s\u0105 najlepsze i t\u0105 zasad\u0105 chc\u0119 kierowa\u0107 si\u0119 w swoich projektach.&nbsp;Interesuje&hellip;","_links":{"self":[{"href":"https:\/\/marzuchowska.com\/index.php?rest_route=\/wp\/v2\/pages\/9"}],"collection":[{"href":"https:\/\/marzuchowska.com\/index.php?rest_route=\/wp\/v2\/pages"}],"about":[{"href":"https:\/\/marzuchowska.com\/index.php?rest_route=\/wp\/v2\/types\/page"}],"author":[{"embeddable":true,"href":"https:\/\/marzuchowska.com\/index.php?rest_route=\/wp\/v2\/users\/4"}],"replies":[{"embeddable":true,"href":"https:\/\/marzuchowska.com\/index.php?rest_route=%2Fwp%2Fv2%2Fcomments&post=9"}],"version-history":[{"count":81,"href":"https:\/\/marzuchowska.com\/index.php?rest_route=\/wp\/v2\/pages\/9\/revisions"}],"predecessor-version":[{"id":3437,"href":"https:\/\/marzuchowska.com\/index.php?rest_route=\/wp\/v2\/pages\/9\/revisions\/3437"}],"wp:attachment":[{"href":"https:\/\/marzuchowska.com\/index.php?rest_route=%2Fwp%2Fv2%2Fmedia&parent=9"}],"curies":[{"name":"wp","href":"https:\/\/api.w.org\/{rel}","templated":true}]}}